{"id":1616,"date":"2018-03-10T09:20:38","date_gmt":"2018-03-10T09:20:38","guid":{"rendered":"http:\/\/sopronitigrisek.hu\/web\/?page_id=1616"},"modified":"2018-03-10T09:20:38","modified_gmt":"2018-03-10T09:20:38","slug":"balogh-gergo-edzo","status":"publish","type":"page","link":"https:\/\/sopronitigrisek.hu\/web\/balogh-gergo-edzo\/","title":{"rendered":"Balogh Gerg\u0151 edz\u0151"},"content":{"rendered":"<p><img loading=\"lazy\" decoding=\"async\" class=\"alignleft size-medium wp-image-1575\" src=\"http:\/\/sopronitigrisek.hu\/web\/wp-content\/uploads\/2016\/08\/Balogh-Gergely-200x300.jpg\" alt=\"Balogh Gergely\" width=\"200\" height=\"300\" srcset=\"https:\/\/sopronitigrisek.hu\/web\/wp-content\/uploads\/2016\/08\/Balogh-Gergely-200x300.jpg 200w, https:\/\/sopronitigrisek.hu\/web\/wp-content\/uploads\/2016\/08\/Balogh-Gergely-768x1152.jpg 768w, https:\/\/sopronitigrisek.hu\/web\/wp-content\/uploads\/2016\/08\/Balogh-Gergely-683x1024.jpg 683w, https:\/\/sopronitigrisek.hu\/web\/wp-content\/uploads\/2016\/08\/Balogh-Gergely.jpg 1951w\" sizes=\"(max-width: 200px) 100vw, 200px\" \/><\/p>\n<p>&nbsp;<\/p>\n<p>&nbsp;<\/p>\n<p>&nbsp;<\/p>\n<p>&nbsp;<\/p>\n<p>&nbsp;<\/p>\n<p>&nbsp;<\/p>\n<p>&nbsp;<\/p>\n<p>&nbsp;<\/p>\n<p>&nbsp;<\/p>\n<pre id=\"code\" class=\"brush: text; plain-text\"><span style=\"font-family: Arial, Helvetica, sans-serif; font-size: 12pt;\">Csal\u00e1di \u00f6r\u00f6ks\u00e9gk\u00e9nt kaptam a kos\u00e1rlabd\u00e1z\u00e1s szeretet\u00e9t, kisgyerek koromt\u00f3l fogva a p\u00e1lya k\u00f6zel\u00e9ben \u00e9lem az \u00e9letet.\r\nP\u00e1lyafut\u00e1som sor\u00e1n volt szerencs\u00e9m profi k\u00f6r\u00fclm\u00e9nyek k\u00f6z\u00f6tt j\u00e1tszani nagyszer\u0171 j\u00e1t\u00e9kosokkal, \u00e9s dolgozni nagy egy\u00e9nis\u00e9g\u0171, karizmatikus edz\u0151kkel.\r\nLegnagyobb sikereimnek az NB1\/B csoportos bajnoks\u00e1g megnyer\u00e9s\u00e9t tekintem, \u00dagy ad\u00f3dott, hogy az \"A\" csoportba ker\u00fcl\u00e9s jog\u00e1nak kiharcol\u00e1s\u00e1nak 3-szor is r\u00e9szese lehettem, ezekb\u0151l 2-ben tev\u00e9kenyen is r\u00e9szt v\u00e1llaltam.\r\nMost, a legfontosabb feladatomnak a Tigrisekn\u00e9l, a bennem l\u00e9v\u0151 sport\u00e1g ir\u00e1nti szeretet \u00e9s tud\u00e1s \u00e1tad\u00e1s\u00e1t tekintem \u00e9s \u00f6r\u00f6mmel veszek r\u00e9szt a gyerekek napi szint\u0171 fejleszt\u00e9s\u00e9ben. Nagy \u00f6r\u00f6m l\u00e1tni, ahogy napr\u00f3l napra finomodnak a mozdulataik \u00e9s egyre gyarapodnak a siker\u00e9lm\u00e9nyeik.\r\n<\/span><\/pre>\n<p>&nbsp;<\/p>\n<p>&nbsp;<\/p>\n<p>&nbsp;<\/p>\n","protected":false},"excerpt":{"rendered":"<p>&nbsp; &nbsp; &nbsp; &nbsp; &nbsp; &nbsp; &nbsp; &nbsp; &nbsp; Csal\u00e1di \u00f6r\u00f6ks\u00e9gk\u00e9nt kaptam a kos\u00e1rlabd\u00e1z\u00e1s szeretet\u00e9t, kisgyerek koromt\u00f3l fogva a p\u00e1lya k\u00f6zel\u00e9ben \u00e9lem az \u00e9letet. P\u00e1lyafut\u00e1som sor\u00e1n volt szerencs\u00e9m profi k\u00f6r\u00fclm\u00e9nyek k\u00f6z\u00f6tt j\u00e1tszani nagyszer\u0171 j\u00e1t\u00e9kosokkal, \u00e9s dolgozni nagy egy\u00e9nis\u00e9g\u0171, karizmatikus edz\u0151kkel. Legnagyobb sikereimnek az NB1\/B csoportos bajnoks\u00e1g megnyer\u00e9s\u00e9t tekintem, \u00dagy ad\u00f3dott, hogy az &#8222;A&#8221; csoportba ker\u00fcl\u00e9s [&hellip;]<\/p>\n","protected":false},"author":2,"featured_media":0,"parent":0,"menu_order":0,"comment_status":"closed","ping_status":"closed","template":"","meta":{"footnotes":""},"_links":{"self":[{"href":"https:\/\/sopronitigrisek.hu\/web\/wp-json\/wp\/v2\/pages\/1616"}],"collection":[{"href":"https:\/\/sopronitigrisek.hu\/web\/wp-json\/wp\/v2\/pages"}],"about":[{"href":"https:\/\/sopronitigrisek.hu\/web\/wp-json\/wp\/v2\/types\/page"}],"author":[{"embeddable":true,"href":"https:\/\/sopronitigrisek.hu\/web\/wp-json\/wp\/v2\/users\/2"}],"replies":[{"embeddable":true,"href":"https:\/\/sopronitigrisek.hu\/web\/wp-json\/wp\/v2\/comments?post=1616"}],"version-history":[{"count":1,"href":"https:\/\/sopronitigrisek.hu\/web\/wp-json\/wp\/v2\/pages\/1616\/revisions"}],"predecessor-version":[{"id":1617,"href":"https:\/\/sopronitigrisek.hu\/web\/wp-json\/wp\/v2\/pages\/1616\/revisions\/1617"}],"wp:attachment":[{"href":"https:\/\/sopronitigrisek.hu\/web\/wp-json\/wp\/v2\/media?parent=1616"}],"curies":[{"name":"wp","href":"https:\/\/api.w.org\/{rel}","templated":true}]}}