{"id":1619,"date":"2018-03-10T09:23:17","date_gmt":"2018-03-10T09:23:17","guid":{"rendered":"http:\/\/sopronitigrisek.hu\/web\/?page_id=1619"},"modified":"2018-03-10T09:23:17","modified_gmt":"2018-03-10T09:23:17","slug":"halasz-tamas-edzo","status":"publish","type":"page","link":"https:\/\/sopronitigrisek.hu\/web\/halasz-tamas-edzo\/","title":{"rendered":"Hal\u00e1sz Tam\u00e1s edz\u0151"},"content":{"rendered":"<p><img loading=\"lazy\" decoding=\"async\" class=\"alignleft size-medium wp-image-1576\" src=\"http:\/\/sopronitigrisek.hu\/web\/wp-content\/uploads\/2016\/08\/Hal\u00e1sz-Tam\u00e1s-200x300.jpg\" alt=\"Hal\u00e1sz Tam\u00e1s\" width=\"200\" height=\"300\" srcset=\"https:\/\/sopronitigrisek.hu\/web\/wp-content\/uploads\/2016\/08\/Hal\u00e1sz-Tam\u00e1s-200x300.jpg 200w, https:\/\/sopronitigrisek.hu\/web\/wp-content\/uploads\/2016\/08\/Hal\u00e1sz-Tam\u00e1s-768x1152.jpg 768w, https:\/\/sopronitigrisek.hu\/web\/wp-content\/uploads\/2016\/08\/Hal\u00e1sz-Tam\u00e1s-682x1024.jpg 682w\" sizes=\"(max-width: 200px) 100vw, 200px\" \/><\/p>\n<p>&nbsp;<\/p>\n<p>&nbsp;<\/p>\n<p>&nbsp;<\/p>\n<p>&nbsp;<\/p>\n<p>&nbsp;<\/p>\n<p>&nbsp;<\/p>\n<p>&nbsp;<\/p>\n<p>&nbsp;<\/p>\n<pre id=\"code\" class=\"brush: text; plain-text\">Eg\u00e9sz biztosan \u00e1ll\u00edthatom hogy a kos\u00e1rlabda az \u00e9letem kisgyerek korom \u00f3ta, hiszen m\u00e1r az \u00f3vod\u00e1ban el kezdtem ismerkedni ezzel a csod\u00e1latos sporttal. Mint j\u00e1t\u00e9kos is mondhatom hogy \u00e9rtem el sikereket amikre nagyon is b\u00fcszke vagyok, de itt most nem err\u0151l szeretn\u00e9k \u00edrni. Edz\u0151k\u00e9nt nagyon fontosnak tartom azt hogy a gyerekek megszeress\u00e9k a sportot \u00e9s emellett rengeteget fejl\u0151djenek a kezem alatt. Pr\u00f3b\u00e1lom minden tud\u00e1somat \u00e1tadni \u00e9s \u00e9lvezetess\u00e9 var\u00e1zsolni az edz\u00e9seket. Imm\u00e1ron hetedik \u00e9ve edz\u0151sk\u00f6d\u00f6m a Tigrisekn\u00e9l \u00e9s ez id\u0151 alatt \u00e9rt\u00fcnk el csapataimmal sz\u00e9p sikereket.\r\n\r\n- U11 Orsz\u00e1gos legjobb nyolc k\u00f6z\u00e9 jut\u00e1s.\r\n- U12 Orsz\u00e1gos legjobb nyolc k\u00f6z\u00e9 jut\u00e1s.\r\n- PEAK nemzetk\u00f6zi torna m\u00e1sodik hely.\r\n\r\nRem\u00e9lem ezek a csod\u00e1s eredm\u00e9nyek gyarapodni fognak.<\/pre>\n","protected":false},"excerpt":{"rendered":"<p>&nbsp; &nbsp; &nbsp; &nbsp; &nbsp; &nbsp; &nbsp; &nbsp; Eg\u00e9sz biztosan \u00e1ll\u00edthatom hogy a kos\u00e1rlabda az \u00e9letem kisgyerek korom \u00f3ta, hiszen m\u00e1r az \u00f3vod\u00e1ban el kezdtem ismerkedni ezzel a csod\u00e1latos sporttal. Mint j\u00e1t\u00e9kos is mondhatom hogy \u00e9rtem el sikereket amikre nagyon is b\u00fcszke vagyok, de itt most nem err\u0151l szeretn\u00e9k \u00edrni. Edz\u0151k\u00e9nt nagyon fontosnak tartom azt [&hellip;]<\/p>\n","protected":false},"author":2,"featured_media":0,"parent":0,"menu_order":0,"comment_status":"closed","ping_status":"closed","template":"","meta":{"footnotes":""},"_links":{"self":[{"href":"https:\/\/sopronitigrisek.hu\/web\/wp-json\/wp\/v2\/pages\/1619"}],"collection":[{"href":"https:\/\/sopronitigrisek.hu\/web\/wp-json\/wp\/v2\/pages"}],"about":[{"href":"https:\/\/sopronitigrisek.hu\/web\/wp-json\/wp\/v2\/types\/page"}],"author":[{"embeddable":true,"href":"https:\/\/sopronitigrisek.hu\/web\/wp-json\/wp\/v2\/users\/2"}],"replies":[{"embeddable":true,"href":"https:\/\/sopronitigrisek.hu\/web\/wp-json\/wp\/v2\/comments?post=1619"}],"version-history":[{"count":2,"href":"https:\/\/sopronitigrisek.hu\/web\/wp-json\/wp\/v2\/pages\/1619\/revisions"}],"predecessor-version":[{"id":1621,"href":"https:\/\/sopronitigrisek.hu\/web\/wp-json\/wp\/v2\/pages\/1619\/revisions\/1621"}],"wp:attachment":[{"href":"https:\/\/sopronitigrisek.hu\/web\/wp-json\/wp\/v2\/media?parent=1619"}],"curies":[{"name":"wp","href":"https:\/\/api.w.org\/{rel}","templated":true}]}}