{"id":180,"date":"2016-08-07T15:03:37","date_gmt":"2016-08-07T15:03:37","guid":{"rendered":"http:\/\/sopronitigrisek.hu\/web\/?page_id=180"},"modified":"2016-08-07T15:03:37","modified_gmt":"2016-08-07T15:03:37","slug":"palla-zoltan-edzo","status":"publish","type":"page","link":"https:\/\/sopronitigrisek.hu\/web\/palla-zoltan-edzo\/","title":{"rendered":"P\u00e1lla Zolt\u00e1n edz\u0151"},"content":{"rendered":"<p><span style=\"font-family: Arial,Helvetica,sans-serif; font-size: 12pt;\">1976.12.20.<img loading=\"lazy\" decoding=\"async\" class=\"wp-image-123 alignleft\" src=\"http:\/\/sopronitigrisek.hu\/web\/wp-content\/uploads\/2016\/08\/palla.jpg\" alt=\"palla\" width=\"116\" height=\"164\" \/><\/span><\/p>\n<p><strong><span style=\"font-family: Arial,Helvetica,sans-serif; font-size: 12pt;\">Tanulm\u00e1nyok:<\/span><\/strong><\/p>\n<p><span style=\"font-family: Arial,Helvetica,sans-serif; font-size: 12pt;\"><strong>K\u00f6z\u00e9piskola:<\/strong><br \/>\nSoproni Sz\u00e9chenyi Istv\u00e1n Gimn\u00e1ziumEgyetem: Nyugat-magyarorsz\u00e1gi Egyetem \u2013 k\u00f6zgazd\u00e1sz szak<\/span><\/p>\n<p><span style=\"font-family: Arial,Helvetica,sans-serif; font-size: 12pt;\"><strong>Sport\u00e1ggal kapcsolatos tev\u00e9kenys\u00e9gek:<\/strong><br \/>\nJ\u00e1t\u00e9kos: NB I.junior Soproni MAFC,\u00a0 NB II. V\u00e1rpalota<\/span><\/p>\n<p><span style=\"font-family: Arial,Helvetica,sans-serif; font-size: 12pt;\"><strong>J\u00e1t\u00e9kvezet\u0151:<br \/>\n<\/strong><\/span><span style=\"font-family: Arial,Helvetica,sans-serif; font-size: 12pt;\">NB I. A csoportos j\u00e1t\u00e9kvezet\u0151<\/span><span style=\"font-family: Arial,Helvetica,sans-serif; font-size: 12pt;\">2007. \u00f3ta nemzetk\u00f6zi j\u00e1t\u00e9kvezet\u0151<\/span><\/p>\n<p><span style=\"font-family: Arial,Helvetica,sans-serif; font-size: 12pt;\"><strong>Edz\u0151:<br \/>\n<\/strong><\/span><span style=\"font-family: Arial,Helvetica,sans-serif; font-size: 12pt;\">2000 \u00f3ta Soproni Tigrisek SE kenguru, gyerek, kadett, NB II-es csapatain\u00e1l.<\/span><\/p>\n<p><span style=\"font-family: Arial,Helvetica,sans-serif; font-size: 12pt;\"><strong>Eredm\u00e9nyek:<br \/>\n<\/strong><\/span><span style=\"font-family: Arial,Helvetica,sans-serif; font-size: 12pt;\">Az 1992-es koroszt\u00e1llyal:<\/span><span style=\"font-family: Arial,Helvetica,sans-serif; font-size: 12pt;\">2002-ben Kenguru Orsz\u00e1gos D\u00f6nt\u0151 4. hely<\/span><span style=\"font-family: Arial,Helvetica,sans-serif; font-size: 12pt;\">2004-ben Serd\u00fcl\u0151 Orsz\u00e1gos D\u00f6nt\u0151be jut\u00e1s<\/span><\/p>\n<p><span style=\"font-family: Arial,Helvetica,sans-serif; font-size: 12pt;\"><strong>NB II-es csapattal:<br \/>\n<\/strong><\/span><span style=\"font-family: Arial,Helvetica,sans-serif; font-size: 12pt;\">2009. Hepp Kupa d\u00f6nt\u0151 \u2013 egyed\u00fcli amat\u0151r csapatk\u00e9nt<\/span><span style=\"font-family: Arial,Helvetica,sans-serif; font-size: 12pt;\">2009. II. helyez\u00e9s a Nyugat-D.t\u00fali r\u00e9gi\u00f3ban<\/span><\/p>\n","protected":false},"excerpt":{"rendered":"<p>1976.12.20. Tanulm\u00e1nyok: K\u00f6z\u00e9piskola: Soproni Sz\u00e9chenyi Istv\u00e1n Gimn\u00e1ziumEgyetem: Nyugat-magyarorsz\u00e1gi Egyetem \u2013 k\u00f6zgazd\u00e1sz szak Sport\u00e1ggal kapcsolatos tev\u00e9kenys\u00e9gek: J\u00e1t\u00e9kos: NB I.junior Soproni MAFC,\u00a0 NB II. V\u00e1rpalota J\u00e1t\u00e9kvezet\u0151: NB I. A csoportos j\u00e1t\u00e9kvezet\u01512007. \u00f3ta nemzetk\u00f6zi j\u00e1t\u00e9kvezet\u0151 Edz\u0151: 2000 \u00f3ta Soproni Tigrisek SE kenguru, gyerek, kadett, NB II-es csapatain\u00e1l. Eredm\u00e9nyek: Az 1992-es koroszt\u00e1llyal:2002-ben Kenguru Orsz\u00e1gos D\u00f6nt\u0151 4. hely2004-ben Serd\u00fcl\u0151 Orsz\u00e1gos [&hellip;]<\/p>\n","protected":false},"author":1,"featured_media":0,"parent":0,"menu_order":0,"comment_status":"closed","ping_status":"closed","template":"","meta":{"footnotes":""},"_links":{"self":[{"href":"https:\/\/sopronitigrisek.hu\/web\/wp-json\/wp\/v2\/pages\/180"}],"collection":[{"href":"https:\/\/sopronitigrisek.hu\/web\/wp-json\/wp\/v2\/pages"}],"about":[{"href":"https:\/\/sopronitigrisek.hu\/web\/wp-json\/wp\/v2\/types\/page"}],"author":[{"embeddable":true,"href":"https:\/\/sopronitigrisek.hu\/web\/wp-json\/wp\/v2\/users\/1"}],"replies":[{"embeddable":true,"href":"https:\/\/sopronitigrisek.hu\/web\/wp-json\/wp\/v2\/comments?post=180"}],"version-history":[{"count":1,"href":"https:\/\/sopronitigrisek.hu\/web\/wp-json\/wp\/v2\/pages\/180\/revisions"}],"predecessor-version":[{"id":181,"href":"https:\/\/sopronitigrisek.hu\/web\/wp-json\/wp\/v2\/pages\/180\/revisions\/181"}],"wp:attachment":[{"href":"https:\/\/sopronitigrisek.hu\/web\/wp-json\/wp\/v2\/media?parent=180"}],"curies":[{"name":"wp","href":"https:\/\/api.w.org\/{rel}","templated":true}]}}