{"id":182,"date":"2016-08-07T15:04:57","date_gmt":"2016-08-07T15:04:57","guid":{"rendered":"http:\/\/sopronitigrisek.hu\/web\/?page_id=182"},"modified":"2018-02-19T12:45:48","modified_gmt":"2018-02-19T12:45:48","slug":"balogh-marton-edzo","status":"publish","type":"page","link":"https:\/\/sopronitigrisek.hu\/web\/balogh-marton-edzo\/","title":{"rendered":"Balogh M\u00e1rton edz\u0151"},"content":{"rendered":"<p><span style=\"font-family: Arial,Helvetica,sans-serif; font-size: 12pt;\">Sz\u00fcl.: Sopron, 1983.07.10. <\/span><img loading=\"lazy\" decoding=\"async\" class=\"size-full wp-image-118 alignleft\" src=\"http:\/\/sopronitigrisek.hu\/web\/wp-content\/uploads\/2016\/08\/balogh.jpg\" alt=\"balogh\" width=\"120\" height=\"139\" \/><\/p>\n<p><span style=\"font-family: Arial,Helvetica,sans-serif; font-size: 12pt;\">C\u00edm: 9400 Sopron, J\u00e1zmin u. 10.<\/span><\/p>\n<p><span style=\"font-family: Arial,Helvetica,sans-serif; font-size: 12pt;\">Szakmai tapasztalat: 10 \u00e9v\u00a0\u00a0\u00a0\u00a0<\/span><\/p>\n<p><span style=\"font-family: Arial,Helvetica,sans-serif; font-size: 12pt;\">\u00a0<\/span><span style=\"font-family: Arial,Helvetica,sans-serif; font-size: 12pt;\">telefon\u00a0\u00a0 +36-20-430-9519\u00a0\u00a0\u00a0\u00a0<\/span><\/p>\n<p><span style=\"font-family: Arial,Helvetica,sans-serif; font-size: 12pt;\"><br \/>\n<\/span><span style=\"font-family: Arial,Helvetica,sans-serif; font-size: 12pt;\">e-mail: <a href=\"mailto:marcisopron@freemail.hu\">marcisopron@freemail.hu<\/a><\/span><\/p>\n<pre id=\"code\" class=\"brush: text; plain-text\"><span style=\"font-family: Arial, Helvetica, sans-serif; font-size: 12pt;\">Balogh M\u00e1rton vagyok, 13 \u00e9ve dolgozom kos\u00e1rlabda edz\u0151k\u00e9nt a Soproni Tigrisek Sportegyes\u00fcletben. Kosaras csal\u00e1dban n\u0151ttem fel, \u00edgy a sport\u00e1g szeretete gyerekkorom \u00f3ta \u00e9letem r\u00e9sz\u00e9t k\u00e9pezi. Edz\u0151i p\u00e1lyafut\u00e1som sor\u00e1n a legkisebb gyerekekt\u0151l kezdve az NB2-es feln\u0151tt csapatig minden koroszt\u00e1llyal foglalkoztam. J\u00e1t\u00e9kosaim k\u00f6z\u00fcl t\u00f6bben koroszt\u00e1lyos v\u00e1logatottak vagy v\u00e1logatott kerettagok voltak, k\u00f6z\u00fcl\u00fck volt, aki meghat\u00e1roz\u00f3 szerepet t\u00f6lt\u00f6tt be a nemzeti sz\u00edn\u0171 mezben, \u00e9s a B33-as koroszt\u00e1lyos v\u00e1logatottban vil\u00e1gbajnoks\u00e1gon is k\u00e9pviselte haz\u00e1nkat. Ma t\u00f6bb volt j\u00e1t\u00e9kosom is kos\u00e1rlabd\u00e1zik, t\u00f6bben az NBI\/B csoportban j\u00e1tszanak. B\u00fcszke vagyok arra, hogy volt tan\u00edtv\u00e1nyaimmal ma is szoros bar\u00e1ti kapcsolatot \u00e1polok, \u00edgy tov\u00e1bbra is r\u00e9szese lehetek \u00e9let\u00fck sikeres pillanatainak. \u00d6r\u00fcl\u00f6k, hogy a Soproni Tigrisek berkein bel\u00fcl egy csal\u00e1dias \u00e9s bar\u00e1ti hangulat\u00fa k\u00f6zegben dolgozhatok kiv\u00e1l\u00f3 edz\u0151koll\u00e9g\u00e1immal, olyan szakemberekkel, akiknek kor\u00e1bban a j\u00e1t\u00e9kosa voltam, \u00e9s olyanokkal is, akik kor\u00e1bban az \u00e9n j\u00e1t\u00e9kosaim voltak.<\/span><\/pre>\n<pre id=\"code\" class=\"brush: text; plain-text\"><span style=\"font-family: Arial,Helvetica,sans-serif; font-size: 12pt;\"><strong><u>Tanulm\u00e1nyok:\r\n <\/u><\/strong><\/span><span style=\"font-family: Arial,Helvetica,sans-serif; font-size: 12pt;\"><strong>2001. \u00a0\u00a0\u00a0\u00a0\u00a0\u00a0\u00a0\u00a0\u00a0\u00a0\u00a0\u00a0\u00a0\u00a0\u00a0\u00a0\u00a0\u00a0\u00a0\u00a0\u00a0\u00a0\u00a0\u00a0\u00a0\u00a0\u00a0\u00a0\u00a0\u00a0\u00a0\u00a0\u00a0\u00a0\u00a0\u00a0 <\/strong>\u00c9retts\u00e9gi Bizony\u00edtv\u00e1ny\r\n <\/span><span style=\"font-family: Arial,Helvetica,sans-serif; font-size: 12pt;\"><strong>2003.\u00a0\u00a0\u00a0\u00a0\u00a0\u00a0\u00a0\u00a0\u00a0\u00a0\u00a0\u00a0\u00a0\u00a0\u00a0\u00a0\u00a0\u00a0\u00a0\u00a0\u00a0\u00a0\u00a0\u00a0\u00a0\u00a0\u00a0\u00a0\u00a0\u00a0\u00a0\u00a0\u00a0\u00a0\u00a0\u00a0\u00a0 <\/strong>Edz\u0151 kos\u00e1rlabda sport\u00e1gban\r\n <\/span><span style=\"font-family: Arial,Helvetica,sans-serif; font-size: 12pt;\"><strong>2006. \u00a0\u00a0\u00a0\u00a0\u00a0\u00a0\u00a0\u00a0\u00a0\u00a0\u00a0\u00a0\u00a0\u00a0\u00a0\u00a0\u00a0\u00a0\u00a0\u00a0\u00a0\u00a0\u00a0\u00a0\u00a0\u00a0\u00a0\u00a0\u00a0\u00a0\u00a0\u00a0\u00a0\u00a0\u00a0\u00a0 <\/strong>Okleveles k\u00f6zgazd\u00e1sz\r\n <\/span><span style=\"font-family: Arial,Helvetica,sans-serif; font-size: 12pt;\"><strong>2009. \u00a0\u00a0\u00a0\u00a0\u00a0\u00a0\u00a0\u00a0\u00a0\u00a0\u00a0\u00a0\u00a0\u00a0\u00a0\u00a0\u00a0\u00a0\u00a0\u00a0\u00a0\u00a0\u00a0\u00a0\u00a0\u00a0\u00a0\u00a0\u00a0\u00a0\u00a0\u00a0\u00a0\u00a0\u00a0\u00a0 <\/strong>K\u00f6zbeszerz\u00e9si referens\r\n <\/span><span style=\"font-family: Arial,Helvetica,sans-serif; font-size: 12pt;\"><strong>Besz\u00e9lt nyelvek: \u00a0\u00a0\u00a0\u00a0\u00a0\u00a0\u00a0\u00a0\u00a0\u00a0\u00a0\u00a0\u00a0\u00a0\u00a0\u00a0\u00a0\u00a0\u00a0magyar, angol, n\u00e9met<\/strong><\/span><u><\/u><\/pre>\n<p><span style=\"font-family: Arial,Helvetica,sans-serif; font-size: 12pt;\"><strong><u>Kos\u00e1rlabda szakmai tapasztalat:<\/u><\/strong><\/span><span style=\"font-family: Arial,Helvetica,sans-serif; font-size: 12pt;\"><strong><br \/>\n<\/strong><\/span><span style=\"font-family: Arial,Helvetica,sans-serif; font-size: 12pt;\"><strong>1993-1995. <\/strong>Soproni Kos\u00e1rlabda Klub (edz\u0151: Gyimesi J\u00e1nos) el\u0151k\u00e9sz\u00edt\u0151 \u00e9s mini koroszt\u00e1ly<br \/>\n<\/span><span style=\"font-family: Arial,Helvetica,sans-serif; font-size: 12pt;\"><strong>1996-1999. <\/strong>Soproni MAFC (edz\u0151: G\u00e1bor Csaba, Pojbics Szabolcs) serd\u00fcl\u0151, kadett)<br \/>\n<\/span><span style=\"font-family: Arial,Helvetica,sans-serif; font-size: 12pt;\"><strong>1999-2001. <\/strong>Soproni \u00c1szok Kos\u00e1rlabda Klub (edz\u0151: Radovics J\u00f3zsef, Vet\u00e9si Imre) ifj\u00fas\u00e1gi, U\/20<br \/>\n<\/span><span style=\"font-family: Arial,Helvetica,sans-serif; font-size: 12pt;\"><strong>2001-2002. <\/strong>Soproni MAFC NB I\/B<br \/>\n<\/span><span style=\"font-family: Arial,Helvetica,sans-serif; font-size: 12pt;\"><strong>2007-\u00a0\u00a0\u00a0\u00a0\u00a0\u00a0\u00a0\u00a0\u00a0\u00a0\u00a0\u00a0\u00a0\u00a0\u00a0\u00a0\u00a0\u00a0\u00a0 <\/strong>Soproni Tigrisek SE NBII.<\/span><\/p>\n<p><span style=\"font-family: Arial,Helvetica,sans-serif; font-size: 12pt;\"><strong><u>Edz\u0151i tapasztalat:<\/u><\/strong><\/span><span style=\"font-family: Arial,Helvetica,sans-serif; font-size: 12pt;\"><strong><u><br \/>\n<\/u><\/strong><\/span><span style=\"font-family: Arial,Helvetica,sans-serif; font-size: 12pt;\"><strong>2003- jelenleg is Soproni Tigrisek SE <\/strong><\/span><span style=\"font-family: Arial,Helvetica,sans-serif; font-size: 12pt;\">el\u0151k\u00e9sz\u00edt\u0151, kenguru, gyermek, serd\u00fcl\u0151, kadett, U\/18,<\/span><span style=\"font-family: Arial,Helvetica,sans-serif; font-size: 12pt;\">Jelenleg serd\u00fcl\u0151 koroszt\u00e1ly<\/span><\/p>\n","protected":false},"excerpt":{"rendered":"<p>Sz\u00fcl.: Sopron, 1983.07.10. C\u00edm: 9400 Sopron, J\u00e1zmin u. 10. Szakmai tapasztalat: 10 \u00e9v\u00a0\u00a0\u00a0\u00a0 \u00a0telefon\u00a0\u00a0 +36-20-430-9519\u00a0\u00a0\u00a0\u00a0 e-mail: marcisopron@freemail.hu Balogh M\u00e1rton vagyok, 13 \u00e9ve dolgozom kos\u00e1rlabda edz\u0151k\u00e9nt a Soproni Tigrisek Sportegyes\u00fcletben. Kosaras csal\u00e1dban n\u0151ttem fel, \u00edgy a sport\u00e1g szeretete gyerekkorom \u00f3ta \u00e9letem r\u00e9sz\u00e9t k\u00e9pezi. Edz\u0151i p\u00e1lyafut\u00e1som sor\u00e1n a legkisebb gyerekekt\u0151l kezdve az NB2-es feln\u0151tt csapatig minden koroszt\u00e1llyal [&hellip;]<\/p>\n","protected":false},"author":1,"featured_media":0,"parent":0,"menu_order":0,"comment_status":"closed","ping_status":"closed","template":"","meta":{"footnotes":""},"_links":{"self":[{"href":"https:\/\/sopronitigrisek.hu\/web\/wp-json\/wp\/v2\/pages\/182"}],"collection":[{"href":"https:\/\/sopronitigrisek.hu\/web\/wp-json\/wp\/v2\/pages"}],"about":[{"href":"https:\/\/sopronitigrisek.hu\/web\/wp-json\/wp\/v2\/types\/page"}],"author":[{"embeddable":true,"href":"https:\/\/sopronitigrisek.hu\/web\/wp-json\/wp\/v2\/users\/1"}],"replies":[{"embeddable":true,"href":"https:\/\/sopronitigrisek.hu\/web\/wp-json\/wp\/v2\/comments?post=182"}],"version-history":[{"count":3,"href":"https:\/\/sopronitigrisek.hu\/web\/wp-json\/wp\/v2\/pages\/182\/revisions"}],"predecessor-version":[{"id":1608,"href":"https:\/\/sopronitigrisek.hu\/web\/wp-json\/wp\/v2\/pages\/182\/revisions\/1608"}],"wp:attachment":[{"href":"https:\/\/sopronitigrisek.hu\/web\/wp-json\/wp\/v2\/media?parent=182"}],"curies":[{"name":"wp","href":"https:\/\/api.w.org\/{rel}","templated":true}]}}