{"id":262,"date":"2016-08-08T07:01:02","date_gmt":"2016-08-08T07:01:02","guid":{"rendered":"http:\/\/sopronitigrisek.hu\/web\/?page_id=262"},"modified":"2019-03-18T16:18:30","modified_gmt":"2019-03-18T16:18:30","slug":"jelenlegi-csapataink","status":"publish","type":"page","link":"https:\/\/sopronitigrisek.hu\/web\/jelenlegi-csapataink\/","title":{"rendered":"Jelenlegi csapataink"},"content":{"rendered":"<p><span style=\"font-family: Impact, Chicago; color: #999999; font-size: 14pt;\">2018\/2019<\/span><\/p>\n<p>&nbsp;<\/p>\n<p style=\"text-align: center;\"><img loading=\"lazy\" decoding=\"async\" class=\"aligncenter size-large wp-image-2068\" src=\"http:\/\/sopronitigrisek.hu\/web\/wp-content\/uploads\/2019\/03\/IMG_8487-1024x703.jpg\" alt=\"IMG_8487\" width=\"1024\" height=\"703\" srcset=\"https:\/\/sopronitigrisek.hu\/web\/wp-content\/uploads\/2019\/03\/IMG_8487-1024x703.jpg 1024w, https:\/\/sopronitigrisek.hu\/web\/wp-content\/uploads\/2019\/03\/IMG_8487-300x206.jpg 300w, https:\/\/sopronitigrisek.hu\/web\/wp-content\/uploads\/2019\/03\/IMG_8487-768x527.jpg 768w\" sizes=\"(max-width: 1024px) 100vw, 1024px\" \/><\/p>\n<p style=\"text-align: center;\">Fels\u0151 sor balr\u00f3l jobbra: Ivanics-Harcos Benedek M\u00e1rk, Kakuk-Marinov Armand, Bogn\u00e1r Domonkos, M\u00e9sz\u00e1ros Marcell, Kucselata L\u0151rinc<br \/>\nAls\u00f3 sor: F\u00fccs\u00f6k Mil\u00e1n, Gangl \u00c1d\u00e1m Rich\u00e1rd, Kocsis \u00c1d\u00e1m, N\u00e1ricza Zal\u00e1n Istv\u00e1n, Poly\u00e1nyi Barna, Gebhardt Martin.<\/p>\n<p style=\"text-align: center;\"><strong><span style=\"font-size: 14pt;\">U11 Feny\u0151 t\u00e9r &#8211; Kenguru<\/span><\/strong><\/p>\n<p style=\"text-align: center;\"><img loading=\"lazy\" decoding=\"async\" class=\"aligncenter wp-image-2055 size-large\" src=\"http:\/\/sopronitigrisek.hu\/web\/wp-content\/uploads\/2016\/08\/IMG_8471-1024x775.jpg\" alt=\"IMG_8471\" width=\"1024\" height=\"775\" srcset=\"https:\/\/sopronitigrisek.hu\/web\/wp-content\/uploads\/2016\/08\/IMG_8471-1024x775.jpg 1024w, https:\/\/sopronitigrisek.hu\/web\/wp-content\/uploads\/2016\/08\/IMG_8471-300x227.jpg 300w, https:\/\/sopronitigrisek.hu\/web\/wp-content\/uploads\/2016\/08\/IMG_8471-768x581.jpg 768w\" sizes=\"(max-width: 1024px) 100vw, 1024px\" \/><\/p>\n<p style=\"text-align: center;\"><strong><span style=\"font-size: 14pt;\">U11 De\u00e1k &#8211; Kenguru<\/span><\/strong><\/p>\n<p style=\"text-align: center;\">Fels\u0151 sor balr\u00f3l jobbra: Forray D\u00e1niel ( edz\u0151 ), \u00c1brah\u00e1m Gerg\u0151, Gad\u00e1csi P\u00e9ter, Cz\u00e1her Gergely, Szalontai M\u00e1t\u00e9, Baumgartner B\u00e1lint, Szentp\u00e1l Patrik<br \/>\nAls\u00f3 sor: Horv\u00e1th Alex, Boronyai M\u00e1t\u00e9, Tall\u00f3s Bence, B\u00fcki Kopp\u00e1ny, Pfeiffer Elek D\u00e1vid, T\u00e1rk\u00e1nyi Tim\u00f3teus.<br \/>\nK\u00e9pr\u0151l hi\u00e1nyzik: Nagy Z\u00e9t\u00e9ny, Pet\u0151 L\u00f3r\u00e1nt, Hobot L\u00e1szl\u00f3, Holper M\u00e1rton, Szab\u00f3 J\u00f3zsef Benedek, Moser M\u00e1t\u00e9, Sz\u00e9p Tam\u00e1s, Kelemen Benjamin.<\/p>\n<p style=\"text-align: center;\"><img loading=\"lazy\" decoding=\"async\" class=\"aligncenter size-large wp-image-2061\" src=\"http:\/\/sopronitigrisek.hu\/web\/wp-content\/uploads\/2019\/03\/IMG_8483_-1024x683.jpg\" alt=\"IMG_8483_\" width=\"1024\" height=\"683\" srcset=\"https:\/\/sopronitigrisek.hu\/web\/wp-content\/uploads\/2019\/03\/IMG_8483_-1024x683.jpg 1024w, https:\/\/sopronitigrisek.hu\/web\/wp-content\/uploads\/2019\/03\/IMG_8483_-300x200.jpg 300w, https:\/\/sopronitigrisek.hu\/web\/wp-content\/uploads\/2019\/03\/IMG_8483_-768x512.jpg 768w\" sizes=\"(max-width: 1024px) 100vw, 1024px\" \/><\/p>\n<p style=\"text-align: center;\"><strong><span style=\"font-size: 14pt;\">U11 Orsolya\u00a0&#8211; Kenguru<\/span><\/strong><\/p>\n<p style=\"text-align: center;\"><span id=\"fbPhotoSnowliftCaption\" class=\"fbPhotosPhotoCaption\" tabindex=\"0\" data-ft=\"{&quot;tn&quot;:&quot;K&quot;}\"><span class=\"hasCaption\">Fels\u0151 sor balr\u00f3l jobbra: Forray D\u00e1niel ( edz\u0151 ), \u00c1brah\u00e1m Gerg\u0151, Gad\u00e1csi P\u00e9ter, Cz\u00e1her Gergely, Szalontai M\u00e1t\u00e9, Baumgartner B\u00e1lint, Szentp\u00e1l Patrik<br \/>\nAls\u00f3 sor: Horv\u00e1th Alex, Boronyai M\u00e1t\u00e9, Tall\u00f3s Bence, B\u00fcki Kopp\u00e1ny, Pfeiffer Elek D\u00e1vid, T\u00e1rk\u00e1nyi Tim\u00f3teus.<br \/>\nK\u00e9pr\u0151l hi\u00e1nyzik: Nagy Z\u00e9t\u00e9ny, Pet\u0151 L\u00f3r\u00e1nt, Hobot L\u00e1szl\u00f3, Holper M\u00e1rton, Szab\u00f3 J\u00f3zsef Benedek, Moser M\u00e1t\u00e9, Sz\u00e9p Tam\u00e1s, Kelemen Benjamin.<\/span><\/span><\/p>\n<p><img loading=\"lazy\" decoding=\"async\" class=\"size-large wp-image-2049 aligncenter\" src=\"http:\/\/sopronitigrisek.hu\/web\/wp-content\/uploads\/2019\/03\/IMG_8449-1024x709.jpg\" alt=\"IMG_8449\" width=\"1024\" height=\"709\" srcset=\"https:\/\/sopronitigrisek.hu\/web\/wp-content\/uploads\/2019\/03\/IMG_8449-1024x709.jpg 1024w, https:\/\/sopronitigrisek.hu\/web\/wp-content\/uploads\/2019\/03\/IMG_8449-300x208.jpg 300w, https:\/\/sopronitigrisek.hu\/web\/wp-content\/uploads\/2019\/03\/IMG_8449-768x532.jpg 768w\" sizes=\"(max-width: 1024px) 100vw, 1024px\" \/><\/p>\n<p style=\"text-align: center;\"><span style=\"font-size: 14pt;\"><strong>U12<\/strong><strong>A &#8211; Gyerek<\/strong><\/span><\/p>\n<p style=\"text-align: center;\">Fels\u0151 sor balr\u00f3l jobbra: Giczi Zolt\u00e1n ( edz\u0151 ) Pet\u0151 L\u00f3r\u00e1nt. Tall\u00f3s Levente, Varga-K\u00f6ppel Z\u00e9t\u00e9ny, Flas\u00e1r Zal\u00e1n, Nyikos Jen\u0151, Galambos M\u00e1rton, Ivanics Szil\u00e1rd, Hal\u00e1sz Tam\u00e1s ( edz\u0151 ).<br \/>\nAls\u00f3 sor: Kereszt\u00e9nyi Tibor, Szalontai M\u00e1t\u00e9, Nagy Kopp\u00e1ny, Szokodi Roland, Kereszt\u00e9nyi Csaba, N\u00e9meth Barnab\u00e1s, Rog\u00e1cs Simon.<\/p>\n<p><img loading=\"lazy\" decoding=\"async\" class=\"size-large wp-image-2050 aligncenter\" src=\"http:\/\/sopronitigrisek.hu\/web\/wp-content\/uploads\/2019\/03\/IMG_8464-1024x727.jpg\" alt=\"IMG_8464\" width=\"1024\" height=\"727\" srcset=\"https:\/\/sopronitigrisek.hu\/web\/wp-content\/uploads\/2019\/03\/IMG_8464-1024x727.jpg 1024w, https:\/\/sopronitigrisek.hu\/web\/wp-content\/uploads\/2019\/03\/IMG_8464-300x213.jpg 300w, https:\/\/sopronitigrisek.hu\/web\/wp-content\/uploads\/2019\/03\/IMG_8464-768x545.jpg 768w\" sizes=\"(max-width: 1024px) 100vw, 1024px\" \/><\/p>\n<p style=\"text-align: center;\"><span style=\"font-size: 14pt;\"><strong>U12B\u00a0&#8211; Gyerek<\/strong><\/span><\/p>\n<p style=\"text-align: center;\">Fels\u0151 sor balr\u00f3l jobbra: Giczi Zolt\u00e1n ( edz\u0151 ), Pustejic Ari\u00e1n, Moln\u00e1r \u00c1ron, Domonkos Mih\u00e1ly, Kov\u00e1cs Mil\u00e1n, K\u00f3nya Imre Levente, Wratschko Noel, Salamon M\u00e1rk, Smukk Roland, Hal\u00e1sz Tam\u00e1s ( edz\u0151 )<br \/>\nAls\u00f3 sor: Wratschko Lucas, Erd\u0151s \u00c1d\u00e1m, Horv\u00e1th Miksa, Gangl Mikl\u00f3s D\u00e1vid, Hobot L\u00e1szl\u00f3, Nagy Z\u00e9t\u00e9ny, Baumgartner B\u00e1lint, N\u00e9meth Ill\u00e9s.<\/p>\n<p>&nbsp;<\/p>\n<p><img loading=\"lazy\" decoding=\"async\" class=\"aligncenter size-full wp-image-2058\" src=\"http:\/\/sopronitigrisek.hu\/web\/wp-content\/uploads\/2016\/08\/54192472_2175522505827955_7903818960942923776_n-1.jpg\" alt=\"54192472_2175522505827955_7903818960942923776_n (1)\" width=\"960\" height=\"720\" srcset=\"https:\/\/sopronitigrisek.hu\/web\/wp-content\/uploads\/2016\/08\/54192472_2175522505827955_7903818960942923776_n-1.jpg 960w, https:\/\/sopronitigrisek.hu\/web\/wp-content\/uploads\/2016\/08\/54192472_2175522505827955_7903818960942923776_n-1-300x225.jpg 300w, https:\/\/sopronitigrisek.hu\/web\/wp-content\/uploads\/2016\/08\/54192472_2175522505827955_7903818960942923776_n-1-768x576.jpg 768w\" sizes=\"(max-width: 960px) 100vw, 960px\" \/><\/p>\n<p style=\"text-align: center;\"><span style=\"font-size: 14pt;\"><strong>U14 &#8211; Serd\u00fcl\u0151<\/strong><\/span><\/p>\n<p style=\"text-align: center;\">Fels\u0151 sor balr\u00f3l jobbra: P\u00e1lla Zolt\u00e1n ( edz\u0151 ), Kov\u00e1cs M\u00e1rk, Horv\u00e1th \u00c1d\u00e1m, Mentes \u00c1kos, Flas\u00e1r Botond, Wratschko P\u00e9ter, Flas\u00e1r Zal\u00e1n, Heged\u0171s Marcell, B\u0151sze Gerg\u0151, Nagy Bal\u00e1zs ( edz\u0151 )<br \/>\nAls\u00f3 sor: Steiner M\u00e1rton, Matuszka Barnab\u00e1s, Sz\u00e1lya Dominik, Hobot Gerg\u0151, T\u00f3th D\u00e1niel, Tall\u00f3s Levente, Varga M\u00e1rk, Ken\u00e9z M\u00e1t\u00e9.<br \/>\nK\u00e9pr\u0151l hi\u00e1nyzik Magyar Bal\u00e1zs.<\/p>\n<p><img loading=\"lazy\" decoding=\"async\" class=\"aligncenter size-full wp-image-2063\" src=\"http:\/\/sopronitigrisek.hu\/web\/wp-content\/uploads\/2016\/08\/u16.jpg\" alt=\"u16\" width=\"960\" height=\"720\" srcset=\"https:\/\/sopronitigrisek.hu\/web\/wp-content\/uploads\/2016\/08\/u16.jpg 960w, https:\/\/sopronitigrisek.hu\/web\/wp-content\/uploads\/2016\/08\/u16-300x225.jpg 300w, https:\/\/sopronitigrisek.hu\/web\/wp-content\/uploads\/2016\/08\/u16-768x576.jpg 768w\" sizes=\"(max-width: 960px) 100vw, 960px\" \/><\/p>\n<p style=\"text-align: center;\"><span style=\"font-size: 14pt;\"><strong>U16 &#8211; Kadett<\/strong><\/span><\/p>\n<p style=\"text-align: center;\">Fels\u0151 sor balr\u00f3l jobbra: Balogh Gergely ( edz\u0151 ), Hips\u00e1gh Barna, B\u0151hm \u00c1d\u00e1m, Flas\u00e1r Botond, Brindza Tomica, Kotsm\u00e1r Soma, Nagy Bal\u00e1zs ( edz\u0151 )<br \/>\nAls\u00f3 sor: T\u00f3th D\u00e1niel, J\u00e1r\u00f3ka Attila, Kiss Andr\u00e1s, Szl\u00e1vik Botond, Galambos Gy\u00f6rgy, Moln\u00e1r Barna, Juronics \u00c1d\u00e1m.<\/p>\n<p>&nbsp;<\/p>\n<p><span style=\"color: #999999; font-family: Impact,Chicago; font-size: 14pt;\">2016\/2017<\/span><\/p>\n<p><img loading=\"lazy\" decoding=\"async\" class=\"aligncenter wp-image-602 size-large\" src=\"http:\/\/sopronitigrisek.hu\/web\/wp-content\/uploads\/2016\/09\/IMG_9464_resize-1024x683.jpg\" alt=\"IMG_9464_resize\" width=\"1024\" height=\"683\" srcset=\"https:\/\/sopronitigrisek.hu\/web\/wp-content\/uploads\/2016\/09\/IMG_9464_resize-1024x683.jpg 1024w, https:\/\/sopronitigrisek.hu\/web\/wp-content\/uploads\/2016\/09\/IMG_9464_resize-300x200.jpg 300w, https:\/\/sopronitigrisek.hu\/web\/wp-content\/uploads\/2016\/09\/IMG_9464_resize-768x512.jpg 768w, https:\/\/sopronitigrisek.hu\/web\/wp-content\/uploads\/2016\/09\/IMG_9464_resize.jpg 1600w\" sizes=\"(max-width: 1024px) 100vw, 1024px\" \/><\/p>\n<p><img loading=\"lazy\" decoding=\"async\" class=\"aligncenter wp-image-658 size-large\" src=\"http:\/\/sopronitigrisek.hu\/web\/wp-content\/uploads\/2016\/09\/IMG_9776_resize-1024x682.jpg\" alt=\"IMG_9776_resize\" width=\"1024\" height=\"682\" srcset=\"https:\/\/sopronitigrisek.hu\/web\/wp-content\/uploads\/2016\/09\/IMG_9776_resize-1024x682.jpg 1024w, https:\/\/sopronitigrisek.hu\/web\/wp-content\/uploads\/2016\/09\/IMG_9776_resize-300x200.jpg 300w, https:\/\/sopronitigrisek.hu\/web\/wp-content\/uploads\/2016\/09\/IMG_9776_resize-768x512.jpg 768w, https:\/\/sopronitigrisek.hu\/web\/wp-content\/uploads\/2016\/09\/IMG_9776_resize.jpg 1600w\" sizes=\"(max-width: 1024px) 100vw, 1024px\" \/><\/p>\n<p><img loading=\"lazy\" decoding=\"async\" class=\"aligncenter wp-image-588 size-large\" src=\"http:\/\/sopronitigrisek.hu\/web\/wp-content\/uploads\/2016\/09\/IMG_9383_resize-1024x683.jpg\" alt=\"IMG_9383_resize\" width=\"1024\" height=\"683\" srcset=\"https:\/\/sopronitigrisek.hu\/web\/wp-content\/uploads\/2016\/09\/IMG_9383_resize-1024x683.jpg 1024w, https:\/\/sopronitigrisek.hu\/web\/wp-content\/uploads\/2016\/09\/IMG_9383_resize-300x200.jpg 300w, https:\/\/sopronitigrisek.hu\/web\/wp-content\/uploads\/2016\/09\/IMG_9383_resize-768x512.jpg 768w, https:\/\/sopronitigrisek.hu\/web\/wp-content\/uploads\/2016\/09\/IMG_9383_resize.jpg 1600w\" sizes=\"(max-width: 1024px) 100vw, 1024px\" \/><\/p>\n<p>&nbsp;<\/p>\n<p><img loading=\"lazy\" decoding=\"async\" class=\"aligncenter wp-image-1011 size-large\" src=\"http:\/\/sopronitigrisek.hu\/web\/wp-content\/uploads\/2016\/10\/52_o-1024x683.jpg\" alt=\"52_o\" width=\"1024\" height=\"683\" srcset=\"https:\/\/sopronitigrisek.hu\/web\/wp-content\/uploads\/2016\/10\/52_o-1024x683.jpg 1024w, https:\/\/sopronitigrisek.hu\/web\/wp-content\/uploads\/2016\/10\/52_o-300x200.jpg 300w, https:\/\/sopronitigrisek.hu\/web\/wp-content\/uploads\/2016\/10\/52_o-768x512.jpg 768w, https:\/\/sopronitigrisek.hu\/web\/wp-content\/uploads\/2016\/10\/52_o.jpg 2048w\" sizes=\"(max-width: 1024px) 100vw, 1024px\" \/><\/p>\n<p>&nbsp;<\/p>\n<p><img loading=\"lazy\" decoding=\"async\" class=\"aligncenter wp-image-676 size-large\" src=\"http:\/\/sopronitigrisek.hu\/web\/wp-content\/uploads\/2016\/09\/IMG_9274_resize-1-1024x683.jpg\" alt=\"IMG_9274_resize\" width=\"1024\" height=\"683\" srcset=\"https:\/\/sopronitigrisek.hu\/web\/wp-content\/uploads\/2016\/09\/IMG_9274_resize-1-1024x683.jpg 1024w, https:\/\/sopronitigrisek.hu\/web\/wp-content\/uploads\/2016\/09\/IMG_9274_resize-1-300x200.jpg 300w, https:\/\/sopronitigrisek.hu\/web\/wp-content\/uploads\/2016\/09\/IMG_9274_resize-1-768x512.jpg 768w, https:\/\/sopronitigrisek.hu\/web\/wp-content\/uploads\/2016\/09\/IMG_9274_resize-1.jpg 1600w\" sizes=\"(max-width: 1024px) 100vw, 1024px\" \/><\/p>\n<p>&nbsp;<\/p>\n<p><img loading=\"lazy\" decoding=\"async\" class=\"aligncenter wp-image-1007 size-large\" src=\"http:\/\/sopronitigrisek.hu\/web\/wp-content\/uploads\/2016\/10\/NBII-1024x683.jpg\" alt=\"nbii\" width=\"1024\" height=\"683\" srcset=\"https:\/\/sopronitigrisek.hu\/web\/wp-content\/uploads\/2016\/10\/NBII-1024x683.jpg 1024w, https:\/\/sopronitigrisek.hu\/web\/wp-content\/uploads\/2016\/10\/NBII-300x200.jpg 300w, https:\/\/sopronitigrisek.hu\/web\/wp-content\/uploads\/2016\/10\/NBII-768x512.jpg 768w, https:\/\/sopronitigrisek.hu\/web\/wp-content\/uploads\/2016\/10\/NBII.jpg 1200w\" sizes=\"(max-width: 1024px) 100vw, 1024px\" \/><\/p>\n<p><span style=\"font-family: Impact,Chicago; font-size: 18pt; color: #999999;\">R\u00e9gi k\u00e9pek:<\/span><span id=\"transmark\"><\/span><\/p>\n<div id=\"attachment_264\" style=\"width: 615px\" class=\"wp-caption alignnone\"><a href=\"http:\/\/sopronitigrisek.hu\/web\/elokeszito-csapat-fenyo-ter\/\"><img loading=\"lazy\" decoding=\"async\" aria-describedby=\"caption-attachment-264\" class=\"size-full wp-image-264\" src=\"http:\/\/sopronitigrisek.hu\/web\/wp-content\/uploads\/2016\/08\/elokesz.jpg\" alt=\"El\u0151k\u00e9sz\u00edt\u0151 csapat (Feny\u0151 t\u00e9r)\" width=\"605\" height=\"454\" srcset=\"https:\/\/sopronitigrisek.hu\/web\/wp-content\/uploads\/2016\/08\/elokesz.jpg 605w, https:\/\/sopronitigrisek.hu\/web\/wp-content\/uploads\/2016\/08\/elokesz-300x225.jpg 300w\" sizes=\"(max-width: 605px) 100vw, 605px\" \/><\/a><p id=\"caption-attachment-264\" class=\"wp-caption-text\"><span style=\"font-family: Impact,Chicago; font-size: 18pt; color: #ff6600;\"><a style=\"color: #ff6600;\" href=\"http:\/\/sopronitigrisek.hu\/web\/elokeszito-csapat-fenyo-ter\/\">El\u0151k\u00e9sz\u00edt\u0151 csapat (Feny\u0151 t\u00e9r)<\/a><\/span><\/p><\/div>\n<p>&nbsp;<\/p>\n<div id=\"attachment_268\" style=\"width: 615px\" class=\"wp-caption alignnone\"><a href=\"http:\/\/sopronitigrisek.hu\/web\/kenguru-csapat-u11\/\"><img loading=\"lazy\" decoding=\"async\" aria-describedby=\"caption-attachment-268\" class=\"size-full wp-image-268\" src=\"http:\/\/sopronitigrisek.hu\/web\/wp-content\/uploads\/2016\/08\/kenguru.jpg\" alt=\"Kenguru csapat\" width=\"605\" height=\"454\" srcset=\"https:\/\/sopronitigrisek.hu\/web\/wp-content\/uploads\/2016\/08\/kenguru.jpg 605w, https:\/\/sopronitigrisek.hu\/web\/wp-content\/uploads\/2016\/08\/kenguru-300x225.jpg 300w\" sizes=\"(max-width: 605px) 100vw, 605px\" \/><\/a><p id=\"caption-attachment-268\" class=\"wp-caption-text\"><span style=\"font-family: Impact,Chicago; font-size: 18pt; color: #ff6600;\"><a style=\"color: #ff6600;\" href=\"http:\/\/sopronitigrisek.hu\/web\/kenguru-csapat-u11\/\">Kenguru csapat<\/a><\/span><\/p><\/div>\n<p>&nbsp;<\/p>\n<div id=\"attachment_265\" style=\"width: 615px\" class=\"wp-caption alignnone\"><a href=\"http:\/\/sopronitigrisek.hu\/web\/gyermek-csapat-u12\/\"><img loading=\"lazy\" decoding=\"async\" aria-describedby=\"caption-attachment-265\" class=\"size-full wp-image-265\" src=\"http:\/\/sopronitigrisek.hu\/web\/wp-content\/uploads\/2016\/08\/gyermek.jpg\" alt=\"Gyermek csapat\" width=\"605\" height=\"454\" srcset=\"https:\/\/sopronitigrisek.hu\/web\/wp-content\/uploads\/2016\/08\/gyermek.jpg 605w, https:\/\/sopronitigrisek.hu\/web\/wp-content\/uploads\/2016\/08\/gyermek-300x225.jpg 300w\" sizes=\"(max-width: 605px) 100vw, 605px\" \/><\/a><p id=\"caption-attachment-265\" class=\"wp-caption-text\"><span style=\"font-family: Impact,Chicago; font-size: 18pt; color: #ff6600;\"><a style=\"color: #ff6600;\" href=\"http:\/\/sopronitigrisek.hu\/web\/gyermek-csapat-u12\/\">Gyermek csapat<\/a><\/span><\/p><\/div>\n<p>&nbsp;<\/p>\n<div id=\"attachment_263\" style=\"width: 615px\" class=\"wp-caption alignnone\"><a href=\"http:\/\/sopronitigrisek.hu\/web\/ovodai-kosarlabda\/\"><img loading=\"lazy\" decoding=\"async\" aria-describedby=\"caption-attachment-263\" class=\"size-full wp-image-263\" src=\"http:\/\/sopronitigrisek.hu\/web\/wp-content\/uploads\/2016\/08\/elokesz-deak.jpg\" alt=\"El\u0151k\u00e9sz\u00edt\u0151 csapat (De\u00e1k t\u00e9r)\" width=\"605\" height=\"454\" srcset=\"https:\/\/sopronitigrisek.hu\/web\/wp-content\/uploads\/2016\/08\/elokesz-deak.jpg 605w, https:\/\/sopronitigrisek.hu\/web\/wp-content\/uploads\/2016\/08\/elokesz-deak-300x225.jpg 300w\" sizes=\"(max-width: 605px) 100vw, 605px\" \/><\/a><p id=\"caption-attachment-263\" class=\"wp-caption-text\"><span style=\"font-family: Impact,Chicago; font-size: 18pt; color: #ff6600;\"><a style=\"color: #ff6600;\" href=\"http:\/\/sopronitigrisek.hu\/web\/ovodai-kosarlabda\/\">El\u0151k\u00e9sz\u00edt\u0151 csapat (De\u00e1k t\u00e9r)<\/a><\/span><\/p><\/div>\n<p>&nbsp;<\/p>\n<div id=\"attachment_270\" style=\"width: 615px\" class=\"wp-caption alignnone\"><a href=\"http:\/\/sopronitigrisek.hu\/web\/serdulo-csapat\/\"><img loading=\"lazy\" decoding=\"async\" aria-describedby=\"caption-attachment-270\" class=\"size-full wp-image-270\" src=\"http:\/\/sopronitigrisek.hu\/web\/wp-content\/uploads\/2016\/08\/serdulo.jpg\" alt=\"Serd\u00fcl\u0151 csapat\" width=\"605\" height=\"454\" srcset=\"https:\/\/sopronitigrisek.hu\/web\/wp-content\/uploads\/2016\/08\/serdulo.jpg 605w, https:\/\/sopronitigrisek.hu\/web\/wp-content\/uploads\/2016\/08\/serdulo-300x225.jpg 300w\" sizes=\"(max-width: 605px) 100vw, 605px\" \/><\/a><p id=\"caption-attachment-270\" class=\"wp-caption-text\"><span style=\"font-family: Impact,Chicago; font-size: 18pt; color: #ff6600;\"><a style=\"color: #ff6600;\" href=\"http:\/\/sopronitigrisek.hu\/web\/serdulo-csapat\/\">Serd\u00fcl\u0151 csapat<\/a><\/span><\/p><\/div>\n<p>&nbsp;<\/p>\n<div id=\"attachment_267\" style=\"width: 615px\" class=\"wp-caption alignnone\"><a href=\"http:\/\/sopronitigrisek.hu\/web\/kadett-csapat\/\"><img loading=\"lazy\" decoding=\"async\" aria-describedby=\"caption-attachment-267\" class=\"size-full wp-image-267\" src=\"http:\/\/sopronitigrisek.hu\/web\/wp-content\/uploads\/2016\/08\/kadett.jpg\" alt=\"Kadett csapat\" width=\"605\" height=\"454\" srcset=\"https:\/\/sopronitigrisek.hu\/web\/wp-content\/uploads\/2016\/08\/kadett.jpg 605w, https:\/\/sopronitigrisek.hu\/web\/wp-content\/uploads\/2016\/08\/kadett-300x225.jpg 300w\" sizes=\"(max-width: 605px) 100vw, 605px\" \/><\/a><p id=\"caption-attachment-267\" class=\"wp-caption-text\"><span style=\"font-family: Impact,Chicago; font-size: 18pt; color: #ff6600;\"><a style=\"color: #ff6600;\" href=\"http:\/\/sopronitigrisek.hu\/web\/kadett-csapat\/\">Kadett csapat<\/a><\/span><\/p><\/div>\n<p>&nbsp;<\/p>\n<div id=\"attachment_266\" style=\"width: 615px\" class=\"wp-caption alignnone\"><a href=\"http:\/\/sopronitigrisek.hu\/web\/junior-csapat-u18\/\"><img loading=\"lazy\" decoding=\"async\" aria-describedby=\"caption-attachment-266\" class=\"size-full wp-image-266\" src=\"http:\/\/sopronitigrisek.hu\/web\/wp-content\/uploads\/2016\/08\/junior.jpg\" alt=\"Junior csapat\" width=\"605\" height=\"454\" srcset=\"https:\/\/sopronitigrisek.hu\/web\/wp-content\/uploads\/2016\/08\/junior.jpg 605w, https:\/\/sopronitigrisek.hu\/web\/wp-content\/uploads\/2016\/08\/junior-300x225.jpg 300w\" sizes=\"(max-width: 605px) 100vw, 605px\" \/><\/a><p id=\"caption-attachment-266\" class=\"wp-caption-text\"><span style=\"font-family: Impact,Chicago; font-size: 18pt; color: #ff6600;\"><a style=\"color: #ff6600;\" href=\"http:\/\/sopronitigrisek.hu\/web\/junior-csapat-u18\/\">Junior csapat<\/a><\/span><\/p><\/div>\n<p>&nbsp;<\/p>\n<div id=\"attachment_269\" style=\"width: 615px\" class=\"wp-caption alignnone\"><a href=\"http:\/\/sopronitigrisek.hu\/web\/nb2\/\"><img loading=\"lazy\" decoding=\"async\" aria-describedby=\"caption-attachment-269\" class=\"size-full wp-image-269\" src=\"http:\/\/sopronitigrisek.hu\/web\/wp-content\/uploads\/2016\/08\/nb2.jpg\" alt=\"NB2\" width=\"605\" height=\"453\" srcset=\"https:\/\/sopronitigrisek.hu\/web\/wp-content\/uploads\/2016\/08\/nb2.jpg 605w, https:\/\/sopronitigrisek.hu\/web\/wp-content\/uploads\/2016\/08\/nb2-300x225.jpg 300w\" sizes=\"(max-width: 605px) 100vw, 605px\" \/><\/a><p id=\"caption-attachment-269\" class=\"wp-caption-text\"><span style=\"font-family: Impact,Chicago; font-size: 18pt; color: #ff6600;\"><a style=\"color: #ff6600;\" href=\"http:\/\/sopronitigrisek.hu\/web\/nb2\/\">NB2<\/a><\/span><\/p><\/div>\n","protected":false},"excerpt":{"rendered":"<p>2018\/2019 &nbsp; Fels\u0151 sor balr\u00f3l jobbra: Ivanics-Harcos Benedek M\u00e1rk, Kakuk-Marinov Armand, Bogn\u00e1r Domonkos, M\u00e9sz\u00e1ros Marcell, Kucselata L\u0151rinc Als\u00f3 sor: F\u00fccs\u00f6k Mil\u00e1n, Gangl \u00c1d\u00e1m Rich\u00e1rd, Kocsis \u00c1d\u00e1m, N\u00e1ricza Zal\u00e1n Istv\u00e1n, Poly\u00e1nyi Barna, Gebhardt Martin. U11 Feny\u0151 t\u00e9r &#8211; Kenguru U11 De\u00e1k &#8211; Kenguru Fels\u0151 sor balr\u00f3l jobbra: Forray D\u00e1niel ( edz\u0151 ), \u00c1brah\u00e1m Gerg\u0151, Gad\u00e1csi P\u00e9ter, [&hellip;]<\/p>\n","protected":false},"author":1,"featured_media":0,"parent":0,"menu_order":0,"comment_status":"closed","ping_status":"closed","template":"","meta":{"footnotes":""},"_links":{"self":[{"href":"https:\/\/sopronitigrisek.hu\/web\/wp-json\/wp\/v2\/pages\/262"}],"collection":[{"href":"https:\/\/sopronitigrisek.hu\/web\/wp-json\/wp\/v2\/pages"}],"about":[{"href":"https:\/\/sopronitigrisek.hu\/web\/wp-json\/wp\/v2\/types\/page"}],"author":[{"embeddable":true,"href":"https:\/\/sopronitigrisek.hu\/web\/wp-json\/wp\/v2\/users\/1"}],"replies":[{"embeddable":true,"href":"https:\/\/sopronitigrisek.hu\/web\/wp-json\/wp\/v2\/comments?post=262"}],"version-history":[{"count":26,"href":"https:\/\/sopronitigrisek.hu\/web\/wp-json\/wp\/v2\/pages\/262\/revisions"}],"predecessor-version":[{"id":2071,"href":"https:\/\/sopronitigrisek.hu\/web\/wp-json\/wp\/v2\/pages\/262\/revisions\/2071"}],"wp:attachment":[{"href":"https:\/\/sopronitigrisek.hu\/web\/wp-json\/wp\/v2\/media?parent=262"}],"curies":[{"name":"wp","href":"https:\/\/api.w.org\/{rel}","templated":true}]}}