{"id":305,"date":"2016-08-08T07:25:00","date_gmt":"2016-08-08T07:25:00","guid":{"rendered":"http:\/\/sopronitigrisek.hu\/web\/?page_id=305"},"modified":"2016-08-08T07:25:00","modified_gmt":"2016-08-08T07:25:00","slug":"nb2","status":"publish","type":"page","link":"https:\/\/sopronitigrisek.hu\/web\/nb2\/","title":{"rendered":"NB2"},"content":{"rendered":"<p><span style=\"font-family: Arial,Helvetica,sans-serif; font-size: 12pt;\">Egyes\u00fclet\u00fcnk NBII-es csapatot is ind\u00edt, m\u00e1r t\u00f6bb \u00e9v \u00f3ta. Minden \u00e9vben az \u00e9lmez\u0151nyben v\u00e9gezt\u00fcnk. Az eredm\u00e9nyess\u00e9g\u00fckn\u00e9l fontosabbnak tartjuk, hogy U18-as \u00e9s kadett j\u00e1t\u00e9kosaink fejl\u0151d\u00e9s\u00fck szempontj\u00e1b\u00f3l j\u00e1t\u00e9klehet\u0151s\u00e9get kapjanak a feln\u0151ttek k\u00f6z\u00f6tt is. K\u00f6r\u00fclbel\u00fcl fele-fele ar\u00e1nyban vannak a tapasztaltabb rutinosabb id\u0151sebb j\u00e1t\u00e9kosok \u00e9s a tehets\u00e9ges felt\u00f6rekv\u0151 fiatalok.<\/span><\/p>\n<div id=\"attachment_269\" style=\"width: 615px\" class=\"wp-caption alignnone\"><img loading=\"lazy\" decoding=\"async\" aria-describedby=\"caption-attachment-269\" class=\"size-full wp-image-269\" src=\"http:\/\/sopronitigrisek.hu\/web\/wp-content\/uploads\/2016\/08\/nb2.jpg\" alt=\"NB2\" width=\"605\" height=\"453\" srcset=\"https:\/\/sopronitigrisek.hu\/web\/wp-content\/uploads\/2016\/08\/nb2.jpg 605w, https:\/\/sopronitigrisek.hu\/web\/wp-content\/uploads\/2016\/08\/nb2-300x225.jpg 300w\" sizes=\"(max-width: 605px) 100vw, 605px\" \/><p id=\"caption-attachment-269\" class=\"wp-caption-text\">NB2<\/p><\/div>\n","protected":false},"excerpt":{"rendered":"<p>Egyes\u00fclet\u00fcnk NBII-es csapatot is ind\u00edt, m\u00e1r t\u00f6bb \u00e9v \u00f3ta. Minden \u00e9vben az \u00e9lmez\u0151nyben v\u00e9gezt\u00fcnk. Az eredm\u00e9nyess\u00e9g\u00fckn\u00e9l fontosabbnak tartjuk, hogy U18-as \u00e9s kadett j\u00e1t\u00e9kosaink fejl\u0151d\u00e9s\u00fck szempontj\u00e1b\u00f3l j\u00e1t\u00e9klehet\u0151s\u00e9get kapjanak a feln\u0151ttek k\u00f6z\u00f6tt is. K\u00f6r\u00fclbel\u00fcl fele-fele ar\u00e1nyban vannak a tapasztaltabb rutinosabb id\u0151sebb j\u00e1t\u00e9kosok \u00e9s a tehets\u00e9ges felt\u00f6rekv\u0151 fiatalok.<\/p>\n","protected":false},"author":1,"featured_media":0,"parent":0,"menu_order":0,"comment_status":"closed","ping_status":"closed","template":"","meta":{"footnotes":""},"_links":{"self":[{"href":"https:\/\/sopronitigrisek.hu\/web\/wp-json\/wp\/v2\/pages\/305"}],"collection":[{"href":"https:\/\/sopronitigrisek.hu\/web\/wp-json\/wp\/v2\/pages"}],"about":[{"href":"https:\/\/sopronitigrisek.hu\/web\/wp-json\/wp\/v2\/types\/page"}],"author":[{"embeddable":true,"href":"https:\/\/sopronitigrisek.hu\/web\/wp-json\/wp\/v2\/users\/1"}],"replies":[{"embeddable":true,"href":"https:\/\/sopronitigrisek.hu\/web\/wp-json\/wp\/v2\/comments?post=305"}],"version-history":[{"count":1,"href":"https:\/\/sopronitigrisek.hu\/web\/wp-json\/wp\/v2\/pages\/305\/revisions"}],"predecessor-version":[{"id":306,"href":"https:\/\/sopronitigrisek.hu\/web\/wp-json\/wp\/v2\/pages\/305\/revisions\/306"}],"wp:attachment":[{"href":"https:\/\/sopronitigrisek.hu\/web\/wp-json\/wp\/v2\/media?parent=305"}],"curies":[{"name":"wp","href":"https:\/\/api.w.org\/{rel}","templated":true}]}}