{"id":361,"date":"2016-08-08T07:48:40","date_gmt":"2016-08-08T07:48:40","guid":{"rendered":"http:\/\/sopronitigrisek.hu\/web\/?page_id=361"},"modified":"2016-08-08T07:50:54","modified_gmt":"2016-08-08T07:50:54","slug":"szakmai-kiadvanyunk","status":"publish","type":"page","link":"https:\/\/sopronitigrisek.hu\/web\/szakmai-kiadvanyunk\/","title":{"rendered":"Szakmai kiadv\u00e1nyunk"},"content":{"rendered":"<p><span style=\"font-family: Arial,Helvetica,sans-serif; font-size: 12pt;\"><b>Sport\u00e1g n\u00e9pszer\u0171s\u00edt\u0151 kiadv\u00e1nyok<\/b><br \/>\n<\/span><\/p>\n<p><span style=\"font-family: Arial,Helvetica,sans-serif; font-size: 12pt;\">Fontosnak tartjuk, hogy a fiatal kosarasaink a saj\u00e1t nyelv\u00fcknek megfelel\u0151en hozz\u00e1 juthassanak kos\u00e1rlabd\u00e1t n\u00e9pszer\u0171s\u00edt\u0151 szakmai anyagokhoz, valamint a kos\u00e1rlabda sport nemzetk\u00f6zi nyelv\u00e9hez kapcsol\u00f3d\u00f3 sz\u00f3t\u00e1rhoz.<\/span><\/p>\n<p><span style=\"font-family: Arial,Helvetica,sans-serif; font-size: 12pt;\">Az al\u00e1bbi kiadv\u00e1nyokat szeretn\u00e9nk eljuttatni minden sportol\u00f3nkhoz, mint ahogy azt megtett\u00fck 2003-ban is.<\/span><\/p>\n<p><span style=\"font-family: Arial,Helvetica,sans-serif; font-size: 12pt;\">Sz\u00ednes, n\u00e9pszer\u0171s\u00edt\u0151 a t\u00f6megb\u00e1zis n\u00f6vel\u0151 sz\u00f3r\u00f3lapokkal k\u00edv\u00e1njuk megszerettetni sport\u00e1gunkat \u00e9s egyes\u00fclet\u00fcnket. Az \u0151sz folyam\u00e1n t\u00f6bb ezer p\u00e9ld\u00e1nyban juttatn\u00e1nk el \u00f3vod\u00e1kba, iskol\u00e1kba a toborz\u00f3 sz\u00f3r\u00f3lapokat.<\/span><\/p>\n<p>&nbsp;<\/p>\n\n\t\t<style type=\"text\/css\">\n\t\t\t#gallery-1 {\n\t\t\t\tmargin: auto;\n\t\t\t}\n\t\t\t#gallery-1 .gallery-item {\n\t\t\t\tfloat: left;\n\t\t\t\tmargin-top: 10px;\n\t\t\t\ttext-align: center;\n\t\t\t\twidth: 25%;\n\t\t\t}\n\t\t\t#gallery-1 img {\n\t\t\t\tborder: 2px solid #cfcfcf;\n\t\t\t}\n\t\t\t#gallery-1 .gallery-caption {\n\t\t\t\tmargin-left: 0;\n\t\t\t}\n\t\t\t\/* see gallery_shortcode() in wp-includes\/media.php *\/\n\t\t<\/style>\n\t\t<div id='gallery-1' class='gallery galleryid-361 gallery-columns-4 gallery-size-thumbnail'><dl class='gallery-item'>\n\t\t\t<dt class='gallery-icon portrait'>\n\t\t\t\t<a href='https:\/\/sopronitigrisek.hu\/web\/wp-content\/uploads\/2016\/08\/image038.png'><img loading=\"lazy\" decoding=\"async\" width=\"150\" height=\"150\" src=\"https:\/\/sopronitigrisek.hu\/web\/wp-content\/uploads\/2016\/08\/image038-150x150.png\" class=\"attachment-thumbnail size-thumbnail\" alt=\"\" \/><\/a>\n\t\t\t<\/dt><\/dl><dl class='gallery-item'>\n\t\t\t<dt class='gallery-icon portrait'>\n\t\t\t\t<a href='https:\/\/sopronitigrisek.hu\/web\/wp-content\/uploads\/2016\/08\/image039.png'><img loading=\"lazy\" decoding=\"async\" width=\"150\" height=\"150\" src=\"https:\/\/sopronitigrisek.hu\/web\/wp-content\/uploads\/2016\/08\/image039-150x150.png\" class=\"attachment-thumbnail size-thumbnail\" alt=\"\" \/><\/a>\n\t\t\t<\/dt><\/dl><dl class='gallery-item'>\n\t\t\t<dt class='gallery-icon portrait'>\n\t\t\t\t<a href='https:\/\/sopronitigrisek.hu\/web\/wp-content\/uploads\/2016\/08\/image040.png'><img loading=\"lazy\" decoding=\"async\" width=\"150\" height=\"150\" src=\"https:\/\/sopronitigrisek.hu\/web\/wp-content\/uploads\/2016\/08\/image040-150x150.png\" class=\"attachment-thumbnail size-thumbnail\" alt=\"\" \/><\/a>\n\t\t\t<\/dt><\/dl><dl class='gallery-item'>\n\t\t\t<dt class='gallery-icon portrait'>\n\t\t\t\t<a href='https:\/\/sopronitigrisek.hu\/web\/wp-content\/uploads\/2016\/08\/image041.png'><img loading=\"lazy\" decoding=\"async\" width=\"150\" height=\"150\" src=\"https:\/\/sopronitigrisek.hu\/web\/wp-content\/uploads\/2016\/08\/image041-150x150.png\" class=\"attachment-thumbnail size-thumbnail\" alt=\"\" \/><\/a>\n\t\t\t<\/dt><\/dl><br style=\"clear: both\" \/><dl class='gallery-item'>\n\t\t\t<dt class='gallery-icon portrait'>\n\t\t\t\t<a href='https:\/\/sopronitigrisek.hu\/web\/wp-content\/uploads\/2016\/08\/image042.png'><img loading=\"lazy\" decoding=\"async\" width=\"150\" height=\"150\" src=\"https:\/\/sopronitigrisek.hu\/web\/wp-content\/uploads\/2016\/08\/image042-150x150.png\" class=\"attachment-thumbnail size-thumbnail\" alt=\"\" \/><\/a>\n\t\t\t<\/dt><\/dl><dl class='gallery-item'>\n\t\t\t<dt class='gallery-icon portrait'>\n\t\t\t\t<a href='https:\/\/sopronitigrisek.hu\/web\/wp-content\/uploads\/2016\/08\/image043.png'><img loading=\"lazy\" decoding=\"async\" width=\"150\" height=\"150\" src=\"https:\/\/sopronitigrisek.hu\/web\/wp-content\/uploads\/2016\/08\/image043-150x150.png\" class=\"attachment-thumbnail size-thumbnail\" alt=\"\" \/><\/a>\n\t\t\t<\/dt><\/dl><dl class='gallery-item'>\n\t\t\t<dt class='gallery-icon portrait'>\n\t\t\t\t<a href='https:\/\/sopronitigrisek.hu\/web\/wp-content\/uploads\/2016\/08\/image044.png'><img loading=\"lazy\" decoding=\"async\" width=\"150\" height=\"150\" src=\"https:\/\/sopronitigrisek.hu\/web\/wp-content\/uploads\/2016\/08\/image044-150x150.png\" class=\"attachment-thumbnail size-thumbnail\" alt=\"\" \/><\/a>\n\t\t\t<\/dt><\/dl><dl class='gallery-item'>\n\t\t\t<dt class='gallery-icon portrait'>\n\t\t\t\t<a href='https:\/\/sopronitigrisek.hu\/web\/wp-content\/uploads\/2016\/08\/image045.png'><img loading=\"lazy\" decoding=\"async\" width=\"150\" height=\"150\" src=\"https:\/\/sopronitigrisek.hu\/web\/wp-content\/uploads\/2016\/08\/image045-150x150.png\" class=\"attachment-thumbnail size-thumbnail\" alt=\"\" \/><\/a>\n\t\t\t<\/dt><\/dl><br style=\"clear: both\" \/><dl class='gallery-item'>\n\t\t\t<dt class='gallery-icon portrait'>\n\t\t\t\t<a href='https:\/\/sopronitigrisek.hu\/web\/wp-content\/uploads\/2016\/08\/image046.png'><img loading=\"lazy\" decoding=\"async\" width=\"150\" height=\"150\" src=\"https:\/\/sopronitigrisek.hu\/web\/wp-content\/uploads\/2016\/08\/image046-150x150.png\" class=\"attachment-thumbnail size-thumbnail\" alt=\"\" \/><\/a>\n\t\t\t<\/dt><\/dl><dl class='gallery-item'>\n\t\t\t<dt class='gallery-icon portrait'>\n\t\t\t\t<a href='https:\/\/sopronitigrisek.hu\/web\/wp-content\/uploads\/2016\/08\/image047.png'><img loading=\"lazy\" decoding=\"async\" width=\"150\" height=\"150\" src=\"https:\/\/sopronitigrisek.hu\/web\/wp-content\/uploads\/2016\/08\/image047-150x150.png\" class=\"attachment-thumbnail size-thumbnail\" alt=\"\" \/><\/a>\n\t\t\t<\/dt><\/dl><dl class='gallery-item'>\n\t\t\t<dt class='gallery-icon portrait'>\n\t\t\t\t<a href='https:\/\/sopronitigrisek.hu\/web\/wp-content\/uploads\/2016\/08\/image048.png'><img loading=\"lazy\" decoding=\"async\" width=\"150\" height=\"150\" src=\"https:\/\/sopronitigrisek.hu\/web\/wp-content\/uploads\/2016\/08\/image048-150x150.png\" class=\"attachment-thumbnail size-thumbnail\" alt=\"\" \/><\/a>\n\t\t\t<\/dt><\/dl><dl class='gallery-item'>\n\t\t\t<dt class='gallery-icon portrait'>\n\t\t\t\t<a href='https:\/\/sopronitigrisek.hu\/web\/wp-content\/uploads\/2016\/08\/image049.png'><img loading=\"lazy\" decoding=\"async\" width=\"150\" height=\"150\" src=\"https:\/\/sopronitigrisek.hu\/web\/wp-content\/uploads\/2016\/08\/image049-150x150.png\" class=\"attachment-thumbnail size-thumbnail\" alt=\"\" \/><\/a>\n\t\t\t<\/dt><\/dl><br style=\"clear: both\" \/><dl class='gallery-item'>\n\t\t\t<dt class='gallery-icon portrait'>\n\t\t\t\t<a href='https:\/\/sopronitigrisek.hu\/web\/wp-content\/uploads\/2016\/08\/image050.png'><img loading=\"lazy\" decoding=\"async\" width=\"150\" height=\"150\" src=\"https:\/\/sopronitigrisek.hu\/web\/wp-content\/uploads\/2016\/08\/image050-150x150.png\" class=\"attachment-thumbnail size-thumbnail\" alt=\"\" \/><\/a>\n\t\t\t<\/dt><\/dl><dl class='gallery-item'>\n\t\t\t<dt class='gallery-icon portrait'>\n\t\t\t\t<a href='https:\/\/sopronitigrisek.hu\/web\/wp-content\/uploads\/2016\/08\/image051.png'><img loading=\"lazy\" decoding=\"async\" width=\"150\" height=\"150\" src=\"https:\/\/sopronitigrisek.hu\/web\/wp-content\/uploads\/2016\/08\/image051-150x150.png\" class=\"attachment-thumbnail size-thumbnail\" alt=\"\" \/><\/a>\n\t\t\t<\/dt><\/dl><dl class='gallery-item'>\n\t\t\t<dt class='gallery-icon portrait'>\n\t\t\t\t<a href='https:\/\/sopronitigrisek.hu\/web\/wp-content\/uploads\/2016\/08\/image052.png'><img loading=\"lazy\" decoding=\"async\" width=\"150\" height=\"150\" src=\"https:\/\/sopronitigrisek.hu\/web\/wp-content\/uploads\/2016\/08\/image052-150x150.png\" class=\"attachment-thumbnail size-thumbnail\" alt=\"\" \/><\/a>\n\t\t\t<\/dt><\/dl><dl class='gallery-item'>\n\t\t\t<dt class='gallery-icon portrait'>\n\t\t\t\t<a href='https:\/\/sopronitigrisek.hu\/web\/wp-content\/uploads\/2016\/08\/image053.png'><img loading=\"lazy\" decoding=\"async\" width=\"150\" height=\"150\" src=\"https:\/\/sopronitigrisek.hu\/web\/wp-content\/uploads\/2016\/08\/image053-150x150.png\" class=\"attachment-thumbnail size-thumbnail\" alt=\"\" \/><\/a>\n\t\t\t<\/dt><\/dl><br style=\"clear: both\" \/><dl class='gallery-item'>\n\t\t\t<dt class='gallery-icon portrait'>\n\t\t\t\t<a href='https:\/\/sopronitigrisek.hu\/web\/wp-content\/uploads\/2016\/08\/image054.png'><img loading=\"lazy\" decoding=\"async\" width=\"150\" height=\"150\" src=\"https:\/\/sopronitigrisek.hu\/web\/wp-content\/uploads\/2016\/08\/image054-150x150.png\" class=\"attachment-thumbnail size-thumbnail\" alt=\"\" \/><\/a>\n\t\t\t<\/dt><\/dl><dl class='gallery-item'>\n\t\t\t<dt class='gallery-icon portrait'>\n\t\t\t\t<a href='https:\/\/sopronitigrisek.hu\/web\/wp-content\/uploads\/2016\/08\/image055.png'><img loading=\"lazy\" decoding=\"async\" width=\"150\" height=\"150\" src=\"https:\/\/sopronitigrisek.hu\/web\/wp-content\/uploads\/2016\/08\/image055-150x150.png\" class=\"attachment-thumbnail size-thumbnail\" alt=\"\" \/><\/a>\n\t\t\t<\/dt><\/dl><dl class='gallery-item'>\n\t\t\t<dt class='gallery-icon portrait'>\n\t\t\t\t<a href='https:\/\/sopronitigrisek.hu\/web\/wp-content\/uploads\/2016\/08\/image056.png'><img loading=\"lazy\" decoding=\"async\" width=\"150\" height=\"150\" src=\"https:\/\/sopronitigrisek.hu\/web\/wp-content\/uploads\/2016\/08\/image056-150x150.png\" class=\"attachment-thumbnail size-thumbnail\" alt=\"\" \/><\/a>\n\t\t\t<\/dt><\/dl><dl class='gallery-item'>\n\t\t\t<dt class='gallery-icon portrait'>\n\t\t\t\t<a href='https:\/\/sopronitigrisek.hu\/web\/wp-content\/uploads\/2016\/08\/image057.png'><img loading=\"lazy\" decoding=\"async\" width=\"150\" height=\"150\" src=\"https:\/\/sopronitigrisek.hu\/web\/wp-content\/uploads\/2016\/08\/image057-150x150.png\" class=\"attachment-thumbnail size-thumbnail\" alt=\"\" \/><\/a>\n\t\t\t<\/dt><\/dl><br style=\"clear: both\" \/><dl class='gallery-item'>\n\t\t\t<dt class='gallery-icon portrait'>\n\t\t\t\t<a href='https:\/\/sopronitigrisek.hu\/web\/wp-content\/uploads\/2016\/08\/image058.png'><img loading=\"lazy\" decoding=\"async\" width=\"150\" height=\"150\" src=\"https:\/\/sopronitigrisek.hu\/web\/wp-content\/uploads\/2016\/08\/image058-150x150.png\" class=\"attachment-thumbnail size-thumbnail\" alt=\"\" \/><\/a>\n\t\t\t<\/dt><\/dl><dl class='gallery-item'>\n\t\t\t<dt class='gallery-icon portrait'>\n\t\t\t\t<a href='https:\/\/sopronitigrisek.hu\/web\/wp-content\/uploads\/2016\/08\/image059.png'><img loading=\"lazy\" decoding=\"async\" width=\"150\" height=\"150\" src=\"https:\/\/sopronitigrisek.hu\/web\/wp-content\/uploads\/2016\/08\/image059-150x150.png\" class=\"attachment-thumbnail size-thumbnail\" alt=\"\" \/><\/a>\n\t\t\t<\/dt><\/dl><dl class='gallery-item'>\n\t\t\t<dt class='gallery-icon portrait'>\n\t\t\t\t<a href='https:\/\/sopronitigrisek.hu\/web\/wp-content\/uploads\/2016\/08\/image060.png'><img loading=\"lazy\" decoding=\"async\" width=\"150\" height=\"150\" src=\"https:\/\/sopronitigrisek.hu\/web\/wp-content\/uploads\/2016\/08\/image060-150x150.png\" class=\"attachment-thumbnail size-thumbnail\" alt=\"\" \/><\/a>\n\t\t\t<\/dt><\/dl><dl class='gallery-item'>\n\t\t\t<dt class='gallery-icon portrait'>\n\t\t\t\t<a href='https:\/\/sopronitigrisek.hu\/web\/wp-content\/uploads\/2016\/08\/image061.png'><img loading=\"lazy\" decoding=\"async\" width=\"150\" height=\"150\" src=\"https:\/\/sopronitigrisek.hu\/web\/wp-content\/uploads\/2016\/08\/image061-150x150.png\" class=\"attachment-thumbnail size-thumbnail\" alt=\"\" \/><\/a>\n\t\t\t<\/dt><\/dl><br style=\"clear: both\" \/><dl class='gallery-item'>\n\t\t\t<dt class='gallery-icon portrait'>\n\t\t\t\t<a href='https:\/\/sopronitigrisek.hu\/web\/wp-content\/uploads\/2016\/08\/image062.png'><img loading=\"lazy\" decoding=\"async\" width=\"150\" height=\"150\" src=\"https:\/\/sopronitigrisek.hu\/web\/wp-content\/uploads\/2016\/08\/image062-150x150.png\" class=\"attachment-thumbnail size-thumbnail\" alt=\"\" \/><\/a>\n\t\t\t<\/dt><\/dl><dl class='gallery-item'>\n\t\t\t<dt class='gallery-icon portrait'>\n\t\t\t\t<a href='https:\/\/sopronitigrisek.hu\/web\/wp-content\/uploads\/2016\/08\/image063.png'><img loading=\"lazy\" decoding=\"async\" width=\"150\" height=\"150\" src=\"https:\/\/sopronitigrisek.hu\/web\/wp-content\/uploads\/2016\/08\/image063-150x150.png\" class=\"attachment-thumbnail size-thumbnail\" alt=\"\" \/><\/a>\n\t\t\t<\/dt><\/dl><dl class='gallery-item'>\n\t\t\t<dt class='gallery-icon portrait'>\n\t\t\t\t<a href='https:\/\/sopronitigrisek.hu\/web\/wp-content\/uploads\/2016\/08\/image064.png'><img loading=\"lazy\" decoding=\"async\" width=\"150\" height=\"150\" src=\"https:\/\/sopronitigrisek.hu\/web\/wp-content\/uploads\/2016\/08\/image064-150x150.png\" class=\"attachment-thumbnail size-thumbnail\" alt=\"\" \/><\/a>\n\t\t\t<\/dt><\/dl><dl class='gallery-item'>\n\t\t\t<dt class='gallery-icon portrait'>\n\t\t\t\t<a href='https:\/\/sopronitigrisek.hu\/web\/wp-content\/uploads\/2016\/08\/image065.png'><img loading=\"lazy\" decoding=\"async\" width=\"150\" height=\"150\" src=\"https:\/\/sopronitigrisek.hu\/web\/wp-content\/uploads\/2016\/08\/image065-150x150.png\" class=\"attachment-thumbnail size-thumbnail\" alt=\"\" \/><\/a>\n\t\t\t<\/dt><\/dl><br style=\"clear: both\" \/><dl class='gallery-item'>\n\t\t\t<dt class='gallery-icon portrait'>\n\t\t\t\t<a href='https:\/\/sopronitigrisek.hu\/web\/wp-content\/uploads\/2016\/08\/image066.png'><img loading=\"lazy\" decoding=\"async\" width=\"150\" height=\"150\" src=\"https:\/\/sopronitigrisek.hu\/web\/wp-content\/uploads\/2016\/08\/image066-150x150.png\" class=\"attachment-thumbnail size-thumbnail\" alt=\"\" \/><\/a>\n\t\t\t<\/dt><\/dl><dl class='gallery-item'>\n\t\t\t<dt class='gallery-icon portrait'>\n\t\t\t\t<a href='https:\/\/sopronitigrisek.hu\/web\/wp-content\/uploads\/2016\/08\/image067.png'><img loading=\"lazy\" decoding=\"async\" width=\"150\" height=\"150\" src=\"https:\/\/sopronitigrisek.hu\/web\/wp-content\/uploads\/2016\/08\/image067-150x150.png\" class=\"attachment-thumbnail size-thumbnail\" alt=\"\" \/><\/a>\n\t\t\t<\/dt><\/dl><dl class='gallery-item'>\n\t\t\t<dt class='gallery-icon portrait'>\n\t\t\t\t<a href='https:\/\/sopronitigrisek.hu\/web\/wp-content\/uploads\/2016\/08\/image068.png'><img loading=\"lazy\" decoding=\"async\" width=\"150\" height=\"150\" src=\"https:\/\/sopronitigrisek.hu\/web\/wp-content\/uploads\/2016\/08\/image068-150x150.png\" class=\"attachment-thumbnail size-thumbnail\" alt=\"\" \/><\/a>\n\t\t\t<\/dt><\/dl><dl class='gallery-item'>\n\t\t\t<dt class='gallery-icon portrait'>\n\t\t\t\t<a href='https:\/\/sopronitigrisek.hu\/web\/wp-content\/uploads\/2016\/08\/image069.png'><img loading=\"lazy\" decoding=\"async\" width=\"150\" height=\"150\" src=\"https:\/\/sopronitigrisek.hu\/web\/wp-content\/uploads\/2016\/08\/image069-150x150.png\" class=\"attachment-thumbnail size-thumbnail\" alt=\"\" \/><\/a>\n\t\t\t<\/dt><\/dl><br style=\"clear: both\" \/>\n\t\t<\/div>\n\n<p>&nbsp;<\/p>\n","protected":false},"excerpt":{"rendered":"<p>Sport\u00e1g n\u00e9pszer\u0171s\u00edt\u0151 kiadv\u00e1nyok Fontosnak tartjuk, hogy a fiatal kosarasaink a saj\u00e1t nyelv\u00fcknek megfelel\u0151en hozz\u00e1 juthassanak kos\u00e1rlabd\u00e1t n\u00e9pszer\u0171s\u00edt\u0151 szakmai anyagokhoz, valamint a kos\u00e1rlabda sport nemzetk\u00f6zi nyelv\u00e9hez kapcsol\u00f3d\u00f3 sz\u00f3t\u00e1rhoz. Az al\u00e1bbi kiadv\u00e1nyokat szeretn\u00e9nk eljuttatni minden sportol\u00f3nkhoz, mint ahogy azt megtett\u00fck 2003-ban is. Sz\u00ednes, n\u00e9pszer\u0171s\u00edt\u0151 a t\u00f6megb\u00e1zis n\u00f6vel\u0151 sz\u00f3r\u00f3lapokkal k\u00edv\u00e1njuk megszerettetni sport\u00e1gunkat \u00e9s egyes\u00fclet\u00fcnket. Az \u0151sz folyam\u00e1n t\u00f6bb [&hellip;]<\/p>\n","protected":false},"author":1,"featured_media":0,"parent":0,"menu_order":0,"comment_status":"closed","ping_status":"closed","template":"","meta":{"footnotes":""},"_links":{"self":[{"href":"https:\/\/sopronitigrisek.hu\/web\/wp-json\/wp\/v2\/pages\/361"}],"collection":[{"href":"https:\/\/sopronitigrisek.hu\/web\/wp-json\/wp\/v2\/pages"}],"about":[{"href":"https:\/\/sopronitigrisek.hu\/web\/wp-json\/wp\/v2\/types\/page"}],"author":[{"embeddable":true,"href":"https:\/\/sopronitigrisek.hu\/web\/wp-json\/wp\/v2\/users\/1"}],"replies":[{"embeddable":true,"href":"https:\/\/sopronitigrisek.hu\/web\/wp-json\/wp\/v2\/comments?post=361"}],"version-history":[{"count":2,"href":"https:\/\/sopronitigrisek.hu\/web\/wp-json\/wp\/v2\/pages\/361\/revisions"}],"predecessor-version":[{"id":398,"href":"https:\/\/sopronitigrisek.hu\/web\/wp-json\/wp\/v2\/pages\/361\/revisions\/398"}],"wp:attachment":[{"href":"https:\/\/sopronitigrisek.hu\/web\/wp-json\/wp\/v2\/media?parent=361"}],"curies":[{"name":"wp","href":"https:\/\/api.w.org\/{rel}","templated":true}]}}