{"id":399,"date":"2016-08-08T07:53:32","date_gmt":"2016-08-08T07:53:32","guid":{"rendered":"http:\/\/sopronitigrisek.hu\/web\/?page_id=399"},"modified":"2016-08-08T07:53:32","modified_gmt":"2016-08-08T07:53:32","slug":"marketing-kommunikacio","status":"publish","type":"page","link":"https:\/\/sopronitigrisek.hu\/web\/marketing-kommunikacio\/","title":{"rendered":"Marketing, kommunik\u00e1ci\u00f3"},"content":{"rendered":"<p><strong>A Soproni Tigrisek SE marketing \u00e9s kommunik\u00e1ci\u00f3<\/strong><\/p>\n<p><strong>Sajt\u00f3:<\/strong><\/p>\n<p>A Soproni Tigrisek SE megalakul\u00e1sa \u00f3ta rendk\u00edv\u00fcl j\u00f3 kapcsolatot \u00e1pol a soproni m\u00e9diumokkal. Sz\u00e1mos alkalommal l\u00e1that\u00f3ak \u00e9s hallhat\u00f3ak egyes\u00fclet\u00fcnkkel kapcsolatos h\u00edrek, inform\u00e1ci\u00f3s, aktu\u00e1lis eredm\u00e9nyekr\u0151l sz\u00f3l\u00f3 tud\u00f3s\u00edt\u00e1sok.<\/p>\n<p><img loading=\"lazy\" decoding=\"async\" class=\" wp-image-400 alignleft\" src=\"http:\/\/sopronitigrisek.hu\/web\/wp-content\/uploads\/2016\/08\/image033.jpg\" alt=\"image033\" width=\"432\" height=\"247\" srcset=\"https:\/\/sopronitigrisek.hu\/web\/wp-content\/uploads\/2016\/08\/image033.jpg 618w, https:\/\/sopronitigrisek.hu\/web\/wp-content\/uploads\/2016\/08\/image033-300x171.jpg 300w\" sizes=\"(max-width: 432px) 100vw, 432px\" \/><\/p>\n<p>A telev\u00edzi\u00f3ban a helyi csatorn\u00e1n, Pulzus TV-ben t\u00f6bbsz\u00f6r besz\u00e9lget\u0151s m\u0171sorban vett r\u00e9szt Nagy Tam\u00e1s egyes\u00fcleti eln\u00f6k, valamint t\u00f6bb j\u00e1t\u00e9kos \u00e9s edz\u0151 is, besz\u00e1molva a kiemelked\u0151 eredm\u00e9nyekr\u0151l, v\u00e1rhat\u00f3 tervekr\u0151l, lehet\u0151s\u00e9gekr\u0151l. Ezek az ad\u00e1sok visszan\u00e9zhet\u0151ek a telev\u00edzi\u00f3 hivatalos oldal\u00e1nak video t\u00e1r\u00e1ban, melynek el\u00e9rhet\u0151s\u00e9ge: http:\/\/www.pulzustv.hu\/ .<\/p>\n<p><img loading=\"lazy\" decoding=\"async\" class=\" wp-image-401 alignright\" src=\"http:\/\/sopronitigrisek.hu\/web\/wp-content\/uploads\/2016\/08\/image034.jpg\" alt=\"image034\" width=\"442\" height=\"183\" srcset=\"https:\/\/sopronitigrisek.hu\/web\/wp-content\/uploads\/2016\/08\/image034.jpg 619w, https:\/\/sopronitigrisek.hu\/web\/wp-content\/uploads\/2016\/08\/image034-300x124.jpg 300w\" sizes=\"(max-width: 442px) 100vw, 442px\" \/>Az \u00edrott sajt\u00f3ban, a szint\u00e9n helyi Soproni T\u00e9m\u00e1ban jelennek meg a klubbal kapcsolatos friss inform\u00e1ci\u00f3k, itt kell megeml\u00edteni, hogy rendk\u00edv\u00fcl j\u00f3 kapcsolatban \u00e1llunk v\u00e1rosunk \u00e9s megy\u00e9nk legnagyobb sport\u00fajs\u00e1g\u00edr\u00f3j\u00e1val, Bot\u00e1r L\u00e1szl\u00f3val. A m\u00e1r eml\u00edtett cikkek \u00e9s bejegyz\u00e9sek itt is visszatekinthet\u0151ek az al\u00e1bbi oldalon: http:\/\/www.sopronitema.hu\/sport.html.<\/p>\n<p>&nbsp;<\/p>\n<p><strong>Kommunik\u00e1ci\u00f3:<\/strong><br \/>\nAz elm\u00falt \u00e9vekben rendszeresen szerepelt\u00fcnk, \u00e9s a j\u00f6v\u0151ben is fontosnak tartjuk, hogy megjelenj\u00fcnk a Sopron sport\u00e9let\u00e9r\u0151l, egyes\u00fcleteir\u0151l sz\u00f3l\u00f3 kiadv\u00e1nyban, mert sz\u00fcks\u00e9gesnek tartjuk egyes\u00fclet\u00fcnk n\u00e9pszer\u0171s\u00edt\u00e9s\u00e9t. Ez alapj\u00e1n k\u00f6nnyebben megtal\u00e1lnak benn\u00fcnket a kos\u00e1rlabd\u00e1zni v\u00e1gy\u00f3 fiatalok, s \u00edgy min\u00e9l t\u00f6bb gyermek sz\u00e1m\u00e1ra lehet\u0151v\u00e9 tehetj\u00fck, hogy szervezett keretek k\u00f6z\u00f6tt h\u00f3doljon ennek a sport\u00e1gnak.<\/p>\n<p><img loading=\"lazy\" decoding=\"async\" class=\"alignnone size-full wp-image-402\" src=\"http:\/\/sopronitigrisek.hu\/web\/wp-content\/uploads\/2016\/08\/image035.jpg\" alt=\"image035\" width=\"619\" height=\"267\" srcset=\"https:\/\/sopronitigrisek.hu\/web\/wp-content\/uploads\/2016\/08\/image035.jpg 619w, https:\/\/sopronitigrisek.hu\/web\/wp-content\/uploads\/2016\/08\/image035-300x129.jpg 300w\" sizes=\"(max-width: 619px) 100vw, 619px\" \/><\/p>\n<p>Megalakul\u00e1sunk \u00f3ta n\u00e9gyszer adtunk ki szervezet\u00fcnket bemutat\u00f3 \u00e9s tev\u00e9kenys\u00e9g\u00e9t megismertet\u0151, n\u00e9pszer\u0171s\u00edt\u0151 anyagot. Ebben a kiadv\u00e1nyban egyes\u00fclet\u00fcnk csapatair\u00f3l, munk\u00e1j\u00e1r\u00f3l kaphatnak t\u00e1j\u00e9koztat\u00e1st az \u00e9rdekl\u0151d\u0151k, valamint egy folytat\u00e1sos kos\u00e1rlabd\u00e1z\u00e1ssal kapcsolatos sportszakmai r\u00e9szt is tartalmaz a bemutatkoz\u00f3 f\u00fczet. A kiadv\u00e1ny ingyenesen ker\u00fclt terjeszt\u00e9sre a soproni \u00e9s k\u00f6rny\u00e9kbeli iskol\u00e1kban, int\u00e9zm\u00e9nyekben, valamint sportrendezv\u00e9nyeken, ahol nem csak a helyi, hanem a m\u00e1s v\u00e1rosokb\u00f3l ide utaz\u00f3k is t\u00e1j\u00e9koz\u00f3dhatnak munk\u00e1nkr\u00f3l, \u00e9s kaphatnak hasznos ismereteket err\u0151l a sport\u00e1gr\u00f3l.<\/p>\n<p>Egyes\u00fclet\u00fcnk n\u00e9pszer\u0171s\u00edt\u00e9s\u00e9ben \u00e9s inform\u00e1ci\u00f3\u00e1raml\u00e1s\u00e1ban fontos szerepe van az internetes kapcsolattart\u00e1si lehet\u0151s\u00e9gnek, amit weboldalunk karbantart\u00e1s\u00e1val \u00e9s folyamatos friss\u00edt\u00e9s\u00e9vel \u00e9r\u00fcnk el. Minden h\u00e9ten az esem\u00e9nyekr\u0151l el\u0151zeteseket is k\u00e9sz\u00edt\u00fcnk, melyben t\u00e1j\u00e9koztatjuk a h\u00e9t v\u00e1rhat\u00f3 esem\u00e9nyeir\u0151l nem csak saj\u00e1t sportol\u00f3inkat, hanem az orsz\u00e1g m\u00e1s ter\u00fclet\u00e9n l\u00e9v\u0151 \u00e9rdekl\u0151d\u0151ket is, valamint az egyes\u00fclet\u00fcnkben m\u00e9g nem tag, j\u00f6v\u0151beni lehets\u00e9ges sportol\u00f3kat. Honlapunk meg\u00faj\u00edt\u00e1s\u00e1ra, korszer\u0171s\u00edt\u00e9s\u00e9re folyamatosan t\u00f6reksz\u00fcnk.<\/p>\n<p>Honlapunk el\u00e9rhet\u0151s\u00e9ge: http:\/\/www.sopronitigrisek.hu\/ .<\/p>\n<p><img loading=\"lazy\" decoding=\"async\" class=\"alignnone size-full wp-image-403\" src=\"http:\/\/sopronitigrisek.hu\/web\/wp-content\/uploads\/2016\/08\/image036.jpg\" alt=\"image036\" width=\"618\" height=\"292\" srcset=\"https:\/\/sopronitigrisek.hu\/web\/wp-content\/uploads\/2016\/08\/image036.jpg 618w, https:\/\/sopronitigrisek.hu\/web\/wp-content\/uploads\/2016\/08\/image036-300x142.jpg 300w\" sizes=\"(max-width: 618px) 100vw, 618px\" \/><\/p>\n<p>Terveink k\u00f6z\u00f6tt szerepel, hogy egy kisebb aj\u00e1nd\u00e9kboltot nyissunk, melyben egyes\u00fclet\u00fcnkkel kapcsolatos dolgokat lehet kapni, p\u00e9ld\u00e1ul b\u00f6gr\u00e9k, napt\u00e1rak, log\u00f3val ell\u00e1tott p\u00f3l\u00f3k, stb.\u2026<br \/>\nEzzel kapcsolatosan meg kell eml\u00edteni, hogy m\u00e1r az el\u0151k\u00e9sz\u00edt\u0151 csoportban is a gyermekek rendelkez\u00e9s\u00e9re bocs\u00e1tunk egyes\u00fcleti embl\u00e9m\u00e1val ell\u00e1tott p\u00f3l\u00f3kat, bemeleg\u00edt\u0151 fels\u0151t, hogy ezzel is n\u00e9pszer\u0171s\u00edts\u00e9k klubunkat.<\/p>\n<p><img loading=\"lazy\" decoding=\"async\" class=\"alignnone size-full wp-image-404\" src=\"http:\/\/sopronitigrisek.hu\/web\/wp-content\/uploads\/2016\/08\/image037.jpg\" alt=\"image037\" width=\"618\" height=\"231\" srcset=\"https:\/\/sopronitigrisek.hu\/web\/wp-content\/uploads\/2016\/08\/image037.jpg 618w, https:\/\/sopronitigrisek.hu\/web\/wp-content\/uploads\/2016\/08\/image037-300x112.jpg 300w\" sizes=\"(max-width: 618px) 100vw, 618px\" \/><\/p>\n","protected":false},"excerpt":{"rendered":"<p>A Soproni Tigrisek SE marketing \u00e9s kommunik\u00e1ci\u00f3 Sajt\u00f3: A Soproni Tigrisek SE megalakul\u00e1sa \u00f3ta rendk\u00edv\u00fcl j\u00f3 kapcsolatot \u00e1pol a soproni m\u00e9diumokkal. Sz\u00e1mos alkalommal l\u00e1that\u00f3ak \u00e9s hallhat\u00f3ak egyes\u00fclet\u00fcnkkel kapcsolatos h\u00edrek, inform\u00e1ci\u00f3s, aktu\u00e1lis eredm\u00e9nyekr\u0151l sz\u00f3l\u00f3 tud\u00f3s\u00edt\u00e1sok. A telev\u00edzi\u00f3ban a helyi csatorn\u00e1n, Pulzus TV-ben t\u00f6bbsz\u00f6r besz\u00e9lget\u0151s m\u0171sorban vett r\u00e9szt Nagy Tam\u00e1s egyes\u00fcleti eln\u00f6k, valamint t\u00f6bb j\u00e1t\u00e9kos \u00e9s edz\u0151 [&hellip;]<\/p>\n","protected":false},"author":1,"featured_media":0,"parent":0,"menu_order":0,"comment_status":"closed","ping_status":"closed","template":"","meta":{"footnotes":""},"_links":{"self":[{"href":"https:\/\/sopronitigrisek.hu\/web\/wp-json\/wp\/v2\/pages\/399"}],"collection":[{"href":"https:\/\/sopronitigrisek.hu\/web\/wp-json\/wp\/v2\/pages"}],"about":[{"href":"https:\/\/sopronitigrisek.hu\/web\/wp-json\/wp\/v2\/types\/page"}],"author":[{"embeddable":true,"href":"https:\/\/sopronitigrisek.hu\/web\/wp-json\/wp\/v2\/users\/1"}],"replies":[{"embeddable":true,"href":"https:\/\/sopronitigrisek.hu\/web\/wp-json\/wp\/v2\/comments?post=399"}],"version-history":[{"count":1,"href":"https:\/\/sopronitigrisek.hu\/web\/wp-json\/wp\/v2\/pages\/399\/revisions"}],"predecessor-version":[{"id":405,"href":"https:\/\/sopronitigrisek.hu\/web\/wp-json\/wp\/v2\/pages\/399\/revisions\/405"}],"wp:attachment":[{"href":"https:\/\/sopronitigrisek.hu\/web\/wp-json\/wp\/v2\/media?parent=399"}],"curies":[{"name":"wp","href":"https:\/\/api.w.org\/{rel}","templated":true}]}}