{"id":406,"date":"2016-08-08T07:57:06","date_gmt":"2016-08-08T07:57:06","guid":{"rendered":"http:\/\/sopronitigrisek.hu\/web\/?page_id=406"},"modified":"2016-08-08T07:58:01","modified_gmt":"2016-08-08T07:58:01","slug":"fotoalbum","status":"publish","type":"page","link":"https:\/\/sopronitigrisek.hu\/web\/fotoalbum\/","title":{"rendered":"Fot\u00f3album"},"content":{"rendered":"<p align=\"center\"><span style=\"font-family: Arial;\"><b>A k\u00e9peket Dr. Mentes \u00c1rp\u00e1d, Mentes \u00c1kos (Tigrisek, De\u00e1k t\u00e9r el\u00f5k\u00e9sz\u00edt\u00f5 csoport) \u00e9desapja k\u00e9sz\u00edtette a Veszpr\u00e9mi \u00c1llatkertben.<\/b><\/span><\/p>\n\n\t\t<style type=\"text\/css\">\n\t\t\t#gallery-1 {\n\t\t\t\tmargin: auto;\n\t\t\t}\n\t\t\t#gallery-1 .gallery-item {\n\t\t\t\tfloat: left;\n\t\t\t\tmargin-top: 10px;\n\t\t\t\ttext-align: center;\n\t\t\t\twidth: 25%;\n\t\t\t}\n\t\t\t#gallery-1 img {\n\t\t\t\tborder: 2px solid #cfcfcf;\n\t\t\t}\n\t\t\t#gallery-1 .gallery-caption {\n\t\t\t\tmargin-left: 0;\n\t\t\t}\n\t\t\t\/* see gallery_shortcode() in wp-includes\/media.php *\/\n\t\t<\/style>\n\t\t<div id='gallery-1' class='gallery galleryid-406 gallery-columns-4 gallery-size-thumbnail'><dl class='gallery-item'>\n\t\t\t<dt class='gallery-icon portrait'>\n\t\t\t\t<a href='https:\/\/sopronitigrisek.hu\/web\/wp-content\/uploads\/2016\/08\/2012.04.01-balatonfured-1431.jpg'><img loading=\"lazy\" decoding=\"async\" width=\"150\" height=\"150\" src=\"https:\/\/sopronitigrisek.hu\/web\/wp-content\/uploads\/2016\/08\/2012.04.01-balatonfured-1431-150x150.jpg\" class=\"attachment-thumbnail size-thumbnail\" alt=\"\" \/><\/a>\n\t\t\t<\/dt><\/dl><dl class='gallery-item'>\n\t\t\t<dt class='gallery-icon landscape'>\n\t\t\t\t<a href='https:\/\/sopronitigrisek.hu\/web\/wp-content\/uploads\/2016\/08\/2012.04.01-balatonfured-1432.jpg'><img loading=\"lazy\" decoding=\"async\" width=\"150\" height=\"150\" src=\"https:\/\/sopronitigrisek.hu\/web\/wp-content\/uploads\/2016\/08\/2012.04.01-balatonfured-1432-150x150.jpg\" class=\"attachment-thumbnail size-thumbnail\" alt=\"\" \/><\/a>\n\t\t\t<\/dt><\/dl><dl class='gallery-item'>\n\t\t\t<dt class='gallery-icon portrait'>\n\t\t\t\t<a href='https:\/\/sopronitigrisek.hu\/web\/wp-content\/uploads\/2016\/08\/2012.04.01-balatonfured-1433.jpg'><img loading=\"lazy\" decoding=\"async\" width=\"150\" height=\"150\" src=\"https:\/\/sopronitigrisek.hu\/web\/wp-content\/uploads\/2016\/08\/2012.04.01-balatonfured-1433-150x150.jpg\" class=\"attachment-thumbnail size-thumbnail\" alt=\"\" \/><\/a>\n\t\t\t<\/dt><\/dl><dl class='gallery-item'>\n\t\t\t<dt class='gallery-icon landscape'>\n\t\t\t\t<a href='https:\/\/sopronitigrisek.hu\/web\/wp-content\/uploads\/2016\/08\/2012.04.01-balatonfured-1435.jpg'><img loading=\"lazy\" decoding=\"async\" width=\"150\" height=\"150\" src=\"https:\/\/sopronitigrisek.hu\/web\/wp-content\/uploads\/2016\/08\/2012.04.01-balatonfured-1435-150x150.jpg\" class=\"attachment-thumbnail size-thumbnail\" alt=\"\" \/><\/a>\n\t\t\t<\/dt><\/dl><br style=\"clear: both\" \/><dl class='gallery-item'>\n\t\t\t<dt class='gallery-icon landscape'>\n\t\t\t\t<a href='https:\/\/sopronitigrisek.hu\/web\/wp-content\/uploads\/2016\/08\/2012.04.01-balatonfured-1436.jpg'><img loading=\"lazy\" decoding=\"async\" width=\"150\" height=\"150\" src=\"https:\/\/sopronitigrisek.hu\/web\/wp-content\/uploads\/2016\/08\/2012.04.01-balatonfured-1436-150x150.jpg\" class=\"attachment-thumbnail size-thumbnail\" alt=\"\" \/><\/a>\n\t\t\t<\/dt><\/dl><dl class='gallery-item'>\n\t\t\t<dt class='gallery-icon landscape'>\n\t\t\t\t<a href='https:\/\/sopronitigrisek.hu\/web\/wp-content\/uploads\/2016\/08\/2012.04.01-balatonfured-1437.jpg'><img loading=\"lazy\" decoding=\"async\" width=\"150\" height=\"150\" src=\"https:\/\/sopronitigrisek.hu\/web\/wp-content\/uploads\/2016\/08\/2012.04.01-balatonfured-1437-150x150.jpg\" class=\"attachment-thumbnail size-thumbnail\" alt=\"\" \/><\/a>\n\t\t\t<\/dt><\/dl>\n\t\t\t<br style='clear: both' \/>\n\t\t<\/div>\n\n<p>&nbsp;<\/p>\n\n\t\t<style type=\"text\/css\">\n\t\t\t#gallery-2 {\n\t\t\t\tmargin: auto;\n\t\t\t}\n\t\t\t#gallery-2 .gallery-item {\n\t\t\t\tfloat: left;\n\t\t\t\tmargin-top: 10px;\n\t\t\t\ttext-align: center;\n\t\t\t\twidth: 25%;\n\t\t\t}\n\t\t\t#gallery-2 img {\n\t\t\t\tborder: 2px solid #cfcfcf;\n\t\t\t}\n\t\t\t#gallery-2 .gallery-caption {\n\t\t\t\tmargin-left: 0;\n\t\t\t}\n\t\t\t\/* see gallery_shortcode() in wp-includes\/media.php *\/\n\t\t<\/style>\n\t\t<div id='gallery-2' class='gallery galleryid-406 gallery-columns-4 gallery-size-thumbnail'><dl class='gallery-item'>\n\t\t\t<dt class='gallery-icon landscape'>\n\t\t\t\t<a href='https:\/\/sopronitigrisek.hu\/web\/wp-content\/uploads\/2016\/08\/image001-1.jpg'><img loading=\"lazy\" decoding=\"async\" width=\"150\" height=\"150\" src=\"https:\/\/sopronitigrisek.hu\/web\/wp-content\/uploads\/2016\/08\/image001-1-150x150.jpg\" class=\"attachment-thumbnail size-thumbnail\" alt=\"\" \/><\/a>\n\t\t\t<\/dt><\/dl><dl class='gallery-item'>\n\t\t\t<dt class='gallery-icon portrait'>\n\t\t\t\t<a href='https:\/\/sopronitigrisek.hu\/web\/wp-content\/uploads\/2016\/08\/image002.png'><img loading=\"lazy\" decoding=\"async\" width=\"150\" height=\"150\" src=\"https:\/\/sopronitigrisek.hu\/web\/wp-content\/uploads\/2016\/08\/image002-150x150.png\" class=\"attachment-thumbnail size-thumbnail\" alt=\"\" \/><\/a>\n\t\t\t<\/dt><\/dl><dl class='gallery-item'>\n\t\t\t<dt class='gallery-icon landscape'>\n\t\t\t\t<a href='https:\/\/sopronitigrisek.hu\/web\/wp-content\/uploads\/2016\/08\/IMG_5369_1.jpg'><img loading=\"lazy\" decoding=\"async\" width=\"150\" height=\"150\" src=\"https:\/\/sopronitigrisek.hu\/web\/wp-content\/uploads\/2016\/08\/IMG_5369_1-150x150.jpg\" class=\"attachment-thumbnail size-thumbnail\" alt=\"\" \/><\/a>\n\t\t\t<\/dt><\/dl><dl class='gallery-item'>\n\t\t\t<dt class='gallery-icon landscape'>\n\t\t\t\t<a href='https:\/\/sopronitigrisek.hu\/web\/wp-content\/uploads\/2016\/08\/IMG_5371_1.jpg'><img loading=\"lazy\" decoding=\"async\" width=\"150\" height=\"150\" src=\"https:\/\/sopronitigrisek.hu\/web\/wp-content\/uploads\/2016\/08\/IMG_5371_1-150x150.jpg\" class=\"attachment-thumbnail size-thumbnail\" alt=\"\" \/><\/a>\n\t\t\t<\/dt><\/dl><br style=\"clear: both\" \/><dl class='gallery-item'>\n\t\t\t<dt class='gallery-icon landscape'>\n\t\t\t\t<a href='https:\/\/sopronitigrisek.hu\/web\/wp-content\/uploads\/2016\/08\/IMG_5372_1.jpg'><img loading=\"lazy\" decoding=\"async\" width=\"150\" height=\"150\" src=\"https:\/\/sopronitigrisek.hu\/web\/wp-content\/uploads\/2016\/08\/IMG_5372_1-150x150.jpg\" class=\"attachment-thumbnail size-thumbnail\" alt=\"\" \/><\/a>\n\t\t\t<\/dt><\/dl><dl class='gallery-item'>\n\t\t\t<dt class='gallery-icon landscape'>\n\t\t\t\t<a href='https:\/\/sopronitigrisek.hu\/web\/wp-content\/uploads\/2016\/08\/IMG_5373_1.jpg'><img loading=\"lazy\" decoding=\"async\" width=\"150\" height=\"150\" src=\"https:\/\/sopronitigrisek.hu\/web\/wp-content\/uploads\/2016\/08\/IMG_5373_1-150x150.jpg\" class=\"attachment-thumbnail size-thumbnail\" alt=\"\" \/><\/a>\n\t\t\t<\/dt><\/dl><dl class='gallery-item'>\n\t\t\t<dt class='gallery-icon landscape'>\n\t\t\t\t<a href='https:\/\/sopronitigrisek.hu\/web\/wp-content\/uploads\/2016\/08\/IMG_5379_1.jpg'><img loading=\"lazy\" decoding=\"async\" width=\"150\" height=\"150\" src=\"https:\/\/sopronitigrisek.hu\/web\/wp-content\/uploads\/2016\/08\/IMG_5379_1-150x150.jpg\" class=\"attachment-thumbnail size-thumbnail\" alt=\"\" \/><\/a>\n\t\t\t<\/dt><\/dl><dl class='gallery-item'>\n\t\t\t<dt class='gallery-icon landscape'>\n\t\t\t\t<a href='https:\/\/sopronitigrisek.hu\/web\/wp-content\/uploads\/2016\/08\/IMG_5380_1.jpg'><img loading=\"lazy\" decoding=\"async\" width=\"150\" height=\"150\" src=\"https:\/\/sopronitigrisek.hu\/web\/wp-content\/uploads\/2016\/08\/IMG_5380_1-150x150.jpg\" class=\"attachment-thumbnail size-thumbnail\" alt=\"\" \/><\/a>\n\t\t\t<\/dt><\/dl><br style=\"clear: both\" \/><dl class='gallery-item'>\n\t\t\t<dt class='gallery-icon landscape'>\n\t\t\t\t<a href='https:\/\/sopronitigrisek.hu\/web\/wp-content\/uploads\/2016\/08\/IMG_5381_1.jpg'><img loading=\"lazy\" decoding=\"async\" width=\"150\" height=\"150\" src=\"https:\/\/sopronitigrisek.hu\/web\/wp-content\/uploads\/2016\/08\/IMG_5381_1-150x150.jpg\" class=\"attachment-thumbnail size-thumbnail\" alt=\"\" \/><\/a>\n\t\t\t<\/dt><\/dl><dl class='gallery-item'>\n\t\t\t<dt class='gallery-icon landscape'>\n\t\t\t\t<a href='https:\/\/sopronitigrisek.hu\/web\/wp-content\/uploads\/2016\/08\/IMG_5384_1.jpg'><img loading=\"lazy\" decoding=\"async\" width=\"150\" height=\"150\" src=\"https:\/\/sopronitigrisek.hu\/web\/wp-content\/uploads\/2016\/08\/IMG_5384_1-150x150.jpg\" class=\"attachment-thumbnail size-thumbnail\" alt=\"\" \/><\/a>\n\t\t\t<\/dt><\/dl><dl class='gallery-item'>\n\t\t\t<dt class='gallery-icon landscape'>\n\t\t\t\t<a href='https:\/\/sopronitigrisek.hu\/web\/wp-content\/uploads\/2016\/08\/IMG_5385_1.jpg'><img loading=\"lazy\" decoding=\"async\" width=\"150\" height=\"150\" src=\"https:\/\/sopronitigrisek.hu\/web\/wp-content\/uploads\/2016\/08\/IMG_5385_1-150x150.jpg\" class=\"attachment-thumbnail size-thumbnail\" alt=\"\" \/><\/a>\n\t\t\t<\/dt><\/dl><dl class='gallery-item'>\n\t\t\t<dt class='gallery-icon landscape'>\n\t\t\t\t<a href='https:\/\/sopronitigrisek.hu\/web\/wp-content\/uploads\/2016\/08\/IMG_5386_1.jpg'><img loading=\"lazy\" decoding=\"async\" width=\"150\" height=\"150\" src=\"https:\/\/sopronitigrisek.hu\/web\/wp-content\/uploads\/2016\/08\/IMG_5386_1-150x150.jpg\" class=\"attachment-thumbnail size-thumbnail\" alt=\"\" \/><\/a>\n\t\t\t<\/dt><\/dl><br style=\"clear: both\" \/><dl class='gallery-item'>\n\t\t\t<dt class='gallery-icon landscape'>\n\t\t\t\t<a href='https:\/\/sopronitigrisek.hu\/web\/wp-content\/uploads\/2016\/08\/IMG_5387_1.jpg'><img loading=\"lazy\" decoding=\"async\" width=\"150\" height=\"150\" src=\"https:\/\/sopronitigrisek.hu\/web\/wp-content\/uploads\/2016\/08\/IMG_5387_1-150x150.jpg\" class=\"attachment-thumbnail size-thumbnail\" alt=\"\" \/><\/a>\n\t\t\t<\/dt><\/dl><dl class='gallery-item'>\n\t\t\t<dt class='gallery-icon landscape'>\n\t\t\t\t<a href='https:\/\/sopronitigrisek.hu\/web\/wp-content\/uploads\/2016\/08\/IMG_5388_1.jpg'><img loading=\"lazy\" decoding=\"async\" width=\"150\" height=\"150\" src=\"https:\/\/sopronitigrisek.hu\/web\/wp-content\/uploads\/2016\/08\/IMG_5388_1-150x150.jpg\" class=\"attachment-thumbnail size-thumbnail\" alt=\"\" \/><\/a>\n\t\t\t<\/dt><\/dl><dl class='gallery-item'>\n\t\t\t<dt class='gallery-icon landscape'>\n\t\t\t\t<a href='https:\/\/sopronitigrisek.hu\/web\/wp-content\/uploads\/2016\/08\/IMG_5389_1.jpg'><img loading=\"lazy\" decoding=\"async\" width=\"150\" height=\"150\" src=\"https:\/\/sopronitigrisek.hu\/web\/wp-content\/uploads\/2016\/08\/IMG_5389_1-150x150.jpg\" class=\"attachment-thumbnail size-thumbnail\" alt=\"\" \/><\/a>\n\t\t\t<\/dt><\/dl><dl class='gallery-item'>\n\t\t\t<dt class='gallery-icon landscape'>\n\t\t\t\t<a href='https:\/\/sopronitigrisek.hu\/web\/wp-content\/uploads\/2016\/08\/IMG_5390_1.jpg'><img loading=\"lazy\" decoding=\"async\" width=\"150\" height=\"150\" src=\"https:\/\/sopronitigrisek.hu\/web\/wp-content\/uploads\/2016\/08\/IMG_5390_1-150x150.jpg\" class=\"attachment-thumbnail size-thumbnail\" alt=\"\" \/><\/a>\n\t\t\t<\/dt><\/dl><br style=\"clear: both\" \/><dl class='gallery-item'>\n\t\t\t<dt class='gallery-icon landscape'>\n\t\t\t\t<a href='https:\/\/sopronitigrisek.hu\/web\/wp-content\/uploads\/2016\/08\/IMG_5391_1.jpg'><img loading=\"lazy\" decoding=\"async\" width=\"150\" height=\"150\" src=\"https:\/\/sopronitigrisek.hu\/web\/wp-content\/uploads\/2016\/08\/IMG_5391_1-150x150.jpg\" class=\"attachment-thumbnail size-thumbnail\" alt=\"\" \/><\/a>\n\t\t\t<\/dt><\/dl><dl class='gallery-item'>\n\t\t\t<dt class='gallery-icon landscape'>\n\t\t\t\t<a href='https:\/\/sopronitigrisek.hu\/web\/wp-content\/uploads\/2016\/08\/IMG_5393_1.jpg'><img loading=\"lazy\" decoding=\"async\" width=\"150\" height=\"150\" src=\"https:\/\/sopronitigrisek.hu\/web\/wp-content\/uploads\/2016\/08\/IMG_5393_1-150x150.jpg\" class=\"attachment-thumbnail size-thumbnail\" alt=\"\" \/><\/a>\n\t\t\t<\/dt><\/dl><dl class='gallery-item'>\n\t\t\t<dt class='gallery-icon landscape'>\n\t\t\t\t<a href='https:\/\/sopronitigrisek.hu\/web\/wp-content\/uploads\/2016\/08\/IMG_5394_1.jpg'><img loading=\"lazy\" decoding=\"async\" width=\"150\" height=\"150\" src=\"https:\/\/sopronitigrisek.hu\/web\/wp-content\/uploads\/2016\/08\/IMG_5394_1-150x150.jpg\" class=\"attachment-thumbnail size-thumbnail\" alt=\"\" \/><\/a>\n\t\t\t<\/dt><\/dl><dl class='gallery-item'>\n\t\t\t<dt class='gallery-icon landscape'>\n\t\t\t\t<a href='https:\/\/sopronitigrisek.hu\/web\/wp-content\/uploads\/2016\/08\/IMG_5395_1.jpg'><img loading=\"lazy\" decoding=\"async\" width=\"150\" height=\"150\" src=\"https:\/\/sopronitigrisek.hu\/web\/wp-content\/uploads\/2016\/08\/IMG_5395_1-150x150.jpg\" class=\"attachment-thumbnail size-thumbnail\" alt=\"\" \/><\/a>\n\t\t\t<\/dt><\/dl><br style=\"clear: both\" \/><dl class='gallery-item'>\n\t\t\t<dt class='gallery-icon landscape'>\n\t\t\t\t<a href='https:\/\/sopronitigrisek.hu\/web\/wp-content\/uploads\/2016\/08\/IMG_5396_1.jpg'><img loading=\"lazy\" decoding=\"async\" width=\"150\" height=\"150\" src=\"https:\/\/sopronitigrisek.hu\/web\/wp-content\/uploads\/2016\/08\/IMG_5396_1-150x150.jpg\" class=\"attachment-thumbnail size-thumbnail\" alt=\"\" \/><\/a>\n\t\t\t<\/dt><\/dl><dl class='gallery-item'>\n\t\t\t<dt class='gallery-icon landscape'>\n\t\t\t\t<a href='https:\/\/sopronitigrisek.hu\/web\/wp-content\/uploads\/2016\/08\/IMG_5398_1.jpg'><img loading=\"lazy\" decoding=\"async\" width=\"150\" height=\"150\" src=\"https:\/\/sopronitigrisek.hu\/web\/wp-content\/uploads\/2016\/08\/IMG_5398_1-150x150.jpg\" class=\"attachment-thumbnail size-thumbnail\" alt=\"\" \/><\/a>\n\t\t\t<\/dt><\/dl><dl class='gallery-item'>\n\t\t\t<dt class='gallery-icon portrait'>\n\t\t\t\t<a href='https:\/\/sopronitigrisek.hu\/web\/wp-content\/uploads\/2016\/08\/IMG_5399_1.jpg'><img loading=\"lazy\" decoding=\"async\" width=\"150\" height=\"150\" src=\"https:\/\/sopronitigrisek.hu\/web\/wp-content\/uploads\/2016\/08\/IMG_5399_1-150x150.jpg\" class=\"attachment-thumbnail size-thumbnail\" alt=\"\" \/><\/a>\n\t\t\t<\/dt><\/dl><dl class='gallery-item'>\n\t\t\t<dt class='gallery-icon landscape'>\n\t\t\t\t<a href='https:\/\/sopronitigrisek.hu\/web\/wp-content\/uploads\/2016\/08\/IMG_5401_1.jpg'><img loading=\"lazy\" decoding=\"async\" width=\"150\" height=\"150\" src=\"https:\/\/sopronitigrisek.hu\/web\/wp-content\/uploads\/2016\/08\/IMG_5401_1-150x150.jpg\" class=\"attachment-thumbnail size-thumbnail\" alt=\"\" \/><\/a>\n\t\t\t<\/dt><\/dl><br style=\"clear: both\" \/><dl class='gallery-item'>\n\t\t\t<dt class='gallery-icon landscape'>\n\t\t\t\t<a href='https:\/\/sopronitigrisek.hu\/web\/wp-content\/uploads\/2016\/08\/IMG_5402_1.jpg'><img loading=\"lazy\" decoding=\"async\" width=\"150\" height=\"150\" src=\"https:\/\/sopronitigrisek.hu\/web\/wp-content\/uploads\/2016\/08\/IMG_5402_1-150x150.jpg\" class=\"attachment-thumbnail size-thumbnail\" alt=\"\" \/><\/a>\n\t\t\t<\/dt><\/dl><dl class='gallery-item'>\n\t\t\t<dt class='gallery-icon landscape'>\n\t\t\t\t<a href='https:\/\/sopronitigrisek.hu\/web\/wp-content\/uploads\/2016\/08\/IMG_5406_1.jpg'><img loading=\"lazy\" decoding=\"async\" width=\"150\" height=\"150\" src=\"https:\/\/sopronitigrisek.hu\/web\/wp-content\/uploads\/2016\/08\/IMG_5406_1-150x150.jpg\" class=\"attachment-thumbnail size-thumbnail\" alt=\"\" \/><\/a>\n\t\t\t<\/dt><\/dl><dl class='gallery-item'>\n\t\t\t<dt class='gallery-icon landscape'>\n\t\t\t\t<a href='https:\/\/sopronitigrisek.hu\/web\/wp-content\/uploads\/2016\/08\/IMG_5407_1.jpg'><img loading=\"lazy\" decoding=\"async\" width=\"150\" height=\"150\" src=\"https:\/\/sopronitigrisek.hu\/web\/wp-content\/uploads\/2016\/08\/IMG_5407_1-150x150.jpg\" class=\"attachment-thumbnail size-thumbnail\" alt=\"\" \/><\/a>\n\t\t\t<\/dt><\/dl><dl class='gallery-item'>\n\t\t\t<dt class='gallery-icon landscape'>\n\t\t\t\t<a href='https:\/\/sopronitigrisek.hu\/web\/wp-content\/uploads\/2016\/08\/IMG_5408_1.jpg'><img loading=\"lazy\" decoding=\"async\" width=\"150\" height=\"150\" src=\"https:\/\/sopronitigrisek.hu\/web\/wp-content\/uploads\/2016\/08\/IMG_5408_1-150x150.jpg\" class=\"attachment-thumbnail size-thumbnail\" alt=\"\" \/><\/a>\n\t\t\t<\/dt><\/dl><br style=\"clear: both\" \/><dl class='gallery-item'>\n\t\t\t<dt class='gallery-icon landscape'>\n\t\t\t\t<a href='https:\/\/sopronitigrisek.hu\/web\/wp-content\/uploads\/2016\/08\/IMG_5409_1.jpg'><img loading=\"lazy\" decoding=\"async\" width=\"150\" height=\"150\" src=\"https:\/\/sopronitigrisek.hu\/web\/wp-content\/uploads\/2016\/08\/IMG_5409_1-150x150.jpg\" class=\"attachment-thumbnail size-thumbnail\" alt=\"\" \/><\/a>\n\t\t\t<\/dt><\/dl><dl class='gallery-item'>\n\t\t\t<dt class='gallery-icon landscape'>\n\t\t\t\t<a href='https:\/\/sopronitigrisek.hu\/web\/wp-content\/uploads\/2016\/08\/IMG_5410_1.jpg'><img loading=\"lazy\" decoding=\"async\" width=\"150\" height=\"150\" src=\"https:\/\/sopronitigrisek.hu\/web\/wp-content\/uploads\/2016\/08\/IMG_5410_1-150x150.jpg\" class=\"attachment-thumbnail size-thumbnail\" alt=\"\" \/><\/a>\n\t\t\t<\/dt><\/dl><dl class='gallery-item'>\n\t\t\t<dt class='gallery-icon landscape'>\n\t\t\t\t<a href='https:\/\/sopronitigrisek.hu\/web\/wp-content\/uploads\/2016\/08\/IMG_5411_1.jpg'><img loading=\"lazy\" decoding=\"async\" width=\"150\" height=\"150\" src=\"https:\/\/sopronitigrisek.hu\/web\/wp-content\/uploads\/2016\/08\/IMG_5411_1-150x150.jpg\" class=\"attachment-thumbnail size-thumbnail\" alt=\"\" \/><\/a>\n\t\t\t<\/dt><\/dl><dl class='gallery-item'>\n\t\t\t<dt class='gallery-icon landscape'>\n\t\t\t\t<a href='https:\/\/sopronitigrisek.hu\/web\/wp-content\/uploads\/2016\/08\/IMG_5412_1.jpg'><img loading=\"lazy\" decoding=\"async\" width=\"150\" height=\"150\" src=\"https:\/\/sopronitigrisek.hu\/web\/wp-content\/uploads\/2016\/08\/IMG_5412_1-150x150.jpg\" class=\"attachment-thumbnail size-thumbnail\" alt=\"\" \/><\/a>\n\t\t\t<\/dt><\/dl><br style=\"clear: both\" \/><dl class='gallery-item'>\n\t\t\t<dt class='gallery-icon landscape'>\n\t\t\t\t<a href='https:\/\/sopronitigrisek.hu\/web\/wp-content\/uploads\/2016\/08\/IMG_5413_1.jpg'><img loading=\"lazy\" decoding=\"async\" width=\"150\" height=\"150\" src=\"https:\/\/sopronitigrisek.hu\/web\/wp-content\/uploads\/2016\/08\/IMG_5413_1-150x150.jpg\" class=\"attachment-thumbnail size-thumbnail\" alt=\"\" \/><\/a>\n\t\t\t<\/dt><\/dl><dl class='gallery-item'>\n\t\t\t<dt class='gallery-icon landscape'>\n\t\t\t\t<a href='https:\/\/sopronitigrisek.hu\/web\/wp-content\/uploads\/2016\/08\/IMG_5415_1.jpg'><img loading=\"lazy\" decoding=\"async\" width=\"150\" height=\"150\" src=\"https:\/\/sopronitigrisek.hu\/web\/wp-content\/uploads\/2016\/08\/IMG_5415_1-150x150.jpg\" class=\"attachment-thumbnail size-thumbnail\" alt=\"\" \/><\/a>\n\t\t\t<\/dt><\/dl><dl class='gallery-item'>\n\t\t\t<dt class='gallery-icon landscape'>\n\t\t\t\t<a href='https:\/\/sopronitigrisek.hu\/web\/wp-content\/uploads\/2016\/08\/IMG_5417_1.jpg'><img loading=\"lazy\" decoding=\"async\" width=\"150\" height=\"150\" src=\"https:\/\/sopronitigrisek.hu\/web\/wp-content\/uploads\/2016\/08\/IMG_5417_1-150x150.jpg\" class=\"attachment-thumbnail size-thumbnail\" alt=\"\" \/><\/a>\n\t\t\t<\/dt><\/dl><dl class='gallery-item'>\n\t\t\t<dt class='gallery-icon landscape'>\n\t\t\t\t<a href='https:\/\/sopronitigrisek.hu\/web\/wp-content\/uploads\/2016\/08\/IMG_5418_1.jpg'><img loading=\"lazy\" decoding=\"async\" width=\"150\" height=\"150\" src=\"https:\/\/sopronitigrisek.hu\/web\/wp-content\/uploads\/2016\/08\/IMG_5418_1-150x150.jpg\" class=\"attachment-thumbnail size-thumbnail\" alt=\"\" \/><\/a>\n\t\t\t<\/dt><\/dl><br style=\"clear: both\" \/><dl class='gallery-item'>\n\t\t\t<dt class='gallery-icon landscape'>\n\t\t\t\t<a href='https:\/\/sopronitigrisek.hu\/web\/wp-content\/uploads\/2016\/08\/IMG_5419_1.jpg'><img loading=\"lazy\" decoding=\"async\" width=\"150\" height=\"150\" src=\"https:\/\/sopronitigrisek.hu\/web\/wp-content\/uploads\/2016\/08\/IMG_5419_1-150x150.jpg\" class=\"attachment-thumbnail size-thumbnail\" alt=\"\" \/><\/a>\n\t\t\t<\/dt><\/dl><dl class='gallery-item'>\n\t\t\t<dt class='gallery-icon landscape'>\n\t\t\t\t<a href='https:\/\/sopronitigrisek.hu\/web\/wp-content\/uploads\/2016\/08\/IMG_5420_1.jpg'><img loading=\"lazy\" decoding=\"async\" width=\"150\" height=\"150\" src=\"https:\/\/sopronitigrisek.hu\/web\/wp-content\/uploads\/2016\/08\/IMG_5420_1-150x150.jpg\" class=\"attachment-thumbnail size-thumbnail\" alt=\"\" \/><\/a>\n\t\t\t<\/dt><\/dl><dl class='gallery-item'>\n\t\t\t<dt class='gallery-icon landscape'>\n\t\t\t\t<a href='https:\/\/sopronitigrisek.hu\/web\/wp-content\/uploads\/2016\/08\/IMG_5422_1.jpg'><img loading=\"lazy\" decoding=\"async\" width=\"150\" height=\"150\" src=\"https:\/\/sopronitigrisek.hu\/web\/wp-content\/uploads\/2016\/08\/IMG_5422_1-150x150.jpg\" class=\"attachment-thumbnail size-thumbnail\" alt=\"\" \/><\/a>\n\t\t\t<\/dt><\/dl>\n\t\t\t<br style='clear: both' \/>\n\t\t<\/div>\n\n","protected":false},"excerpt":{"rendered":"<p>A k\u00e9peket Dr. Mentes \u00c1rp\u00e1d, Mentes \u00c1kos (Tigrisek, De\u00e1k t\u00e9r el\u00f5k\u00e9sz\u00edt\u00f5 csoport) \u00e9desapja k\u00e9sz\u00edtette a Veszpr\u00e9mi \u00c1llatkertben. &nbsp;<\/p>\n","protected":false},"author":1,"featured_media":0,"parent":0,"menu_order":0,"comment_status":"closed","ping_status":"closed","template":"","meta":{"footnotes":""},"_links":{"self":[{"href":"https:\/\/sopronitigrisek.hu\/web\/wp-json\/wp\/v2\/pages\/406"}],"collection":[{"href":"https:\/\/sopronitigrisek.hu\/web\/wp-json\/wp\/v2\/pages"}],"about":[{"href":"https:\/\/sopronitigrisek.hu\/web\/wp-json\/wp\/v2\/types\/page"}],"author":[{"embeddable":true,"href":"https:\/\/sopronitigrisek.hu\/web\/wp-json\/wp\/v2\/users\/1"}],"replies":[{"embeddable":true,"href":"https:\/\/sopronitigrisek.hu\/web\/wp-json\/wp\/v2\/comments?post=406"}],"version-history":[{"count":3,"href":"https:\/\/sopronitigrisek.hu\/web\/wp-json\/wp\/v2\/pages\/406\/revisions"}],"predecessor-version":[{"id":455,"href":"https:\/\/sopronitigrisek.hu\/web\/wp-json\/wp\/v2\/pages\/406\/revisions\/455"}],"wp:attachment":[{"href":"https:\/\/sopronitigrisek.hu\/web\/wp-json\/wp\/v2\/media?parent=406"}],"curies":[{"name":"wp","href":"https:\/\/api.w.org\/{rel}","templated":true}]}}