{"id":456,"date":"2016-08-08T07:58:59","date_gmt":"2016-08-08T07:58:59","guid":{"rendered":"http:\/\/sopronitigrisek.hu\/web\/?page_id=456"},"modified":"2016-08-08T08:20:59","modified_gmt":"2016-08-08T08:20:59","slug":"kapcsolat","status":"publish","type":"page","link":"https:\/\/sopronitigrisek.hu\/web\/kapcsolat\/","title":{"rendered":"Kapcsolat"},"content":{"rendered":"<p align=\"center\"><em><span style=\"font-family: Arial,Helvetica,sans-serif; font-size: 14pt;\">Soproni Tigrisek Se<\/span><\/em><\/p>\n<p align=\"center\"><em><span style=\"font-family: Arial,Helvetica,sans-serif; font-size: 14pt;\">Hajr\u00e1 Tigrisek!<\/span><\/em><\/p>\n<p align=\"center\"><span style=\"font-family: Arial,Helvetica,sans-serif; font-size: 14pt;\">Sopron, V\u00e1rker\u00fclet 73.\u00a0<\/span><\/p>\n<p align=\"center\"><span style=\"font-family: Arial,Helvetica,sans-serif; font-size: 14pt;\"><b><span style=\"color: black;\">Egyes\u00fclet eln\u00f6ke: Nagy Tam\u00e1s\u00a030\/417-5959<\/span><\/b><\/span><\/p>\n<p align=\"center\"><span style=\"font-family: Arial,Helvetica,sans-serif; font-size: 14pt;\">e-mail: <\/span><a href=\"mailto:sopronitigrisek@mailmax.hu\"><span style=\"color: #ff6600; font-family: Arial;\"><span style=\"font-family: Arial,Helvetica,sans-serif; font-size: 14pt;\">sopronitigrisek@mailmax.hu<\/span><\/span><\/a><\/p>\n<p align=\"center\"><img loading=\"lazy\" decoding=\"async\" class=\"alignnone size-full wp-image-10\" src=\"http:\/\/sopronitigrisek.hu\/web\/wp-content\/uploads\/2016\/08\/001-1.jpg\" alt=\"001\" width=\"1440\" height=\"700\" srcset=\"https:\/\/sopronitigrisek.hu\/web\/wp-content\/uploads\/2016\/08\/001-1.jpg 1440w, https:\/\/sopronitigrisek.hu\/web\/wp-content\/uploads\/2016\/08\/001-1-300x146.jpg 300w, https:\/\/sopronitigrisek.hu\/web\/wp-content\/uploads\/2016\/08\/001-1-768x373.jpg 768w, https:\/\/sopronitigrisek.hu\/web\/wp-content\/uploads\/2016\/08\/001-1-1024x498.jpg 1024w\" sizes=\"(max-width: 1440px) 100vw, 1440px\" \/><\/p>\n","protected":false},"excerpt":{"rendered":"<p>Soproni Tigrisek Se Hajr\u00e1 Tigrisek! Sopron, V\u00e1rker\u00fclet 73.\u00a0 Egyes\u00fclet eln\u00f6ke: Nagy Tam\u00e1s\u00a030\/417-5959 e-mail: sopronitigrisek@mailmax.hu<\/p>\n","protected":false},"author":1,"featured_media":15,"parent":0,"menu_order":0,"comment_status":"closed","ping_status":"closed","template":"","meta":{"footnotes":""},"_links":{"self":[{"href":"https:\/\/sopronitigrisek.hu\/web\/wp-json\/wp\/v2\/pages\/456"}],"collection":[{"href":"https:\/\/sopronitigrisek.hu\/web\/wp-json\/wp\/v2\/pages"}],"about":[{"href":"https:\/\/sopronitigrisek.hu\/web\/wp-json\/wp\/v2\/types\/page"}],"author":[{"embeddable":true,"href":"https:\/\/sopronitigrisek.hu\/web\/wp-json\/wp\/v2\/users\/1"}],"replies":[{"embeddable":true,"href":"https:\/\/sopronitigrisek.hu\/web\/wp-json\/wp\/v2\/comments?post=456"}],"version-history":[{"count":5,"href":"https:\/\/sopronitigrisek.hu\/web\/wp-json\/wp\/v2\/pages\/456\/revisions"}],"predecessor-version":[{"id":487,"href":"https:\/\/sopronitigrisek.hu\/web\/wp-json\/wp\/v2\/pages\/456\/revisions\/487"}],"wp:featuredmedia":[{"embeddable":true,"href":"https:\/\/sopronitigrisek.hu\/web\/wp-json\/wp\/v2\/media\/15"}],"wp:attachment":[{"href":"https:\/\/sopronitigrisek.hu\/web\/wp-json\/wp\/v2\/media?parent=456"}],"curies":[{"name":"wp","href":"https:\/\/api.w.org\/{rel}","templated":true}]}}