{"id":763,"date":"2016-09-12T14:19:12","date_gmt":"2016-09-12T14:19:12","guid":{"rendered":"http:\/\/sopronitigrisek.hu\/web\/?page_id=763"},"modified":"2020-06-03T09:52:40","modified_gmt":"2020-06-03T09:52:40","slug":"1-3","status":"publish","type":"page","link":"https:\/\/sopronitigrisek.hu\/web\/1-3\/","title":{"rendered":"1%"},"content":{"rendered":"<p><strong><span style=\"font-size: 18pt; font-family: Arial,Helvetica,sans-serif; color: #808080;\">A Soproni Tigrisek SE elsz\u00e1mol\u00e1sa a szem\u00e9lyi j\u00f6vedelemad\u00f3 felaj\u00e1nl\u00e1sokb\u00f3l befolyt <\/span><\/strong><span style=\"font-size: 18pt; font-family: Arial,Helvetica,sans-serif;\"><span style=\"color: #333333;\"><span style=\"font-size: 12pt; font-family: Andale Mono,Times;\"><strong><span style=\"font-family: Arial,Helvetica,sans-serif; font-size: 18pt; color: #808080;\">1 %-os t\u00e1mogat\u00e1s felhaszn\u00e1l\u00e1s\u00e1r\u00f3l<\/span><\/strong><\/span><\/span><\/span><\/p>\n\n\t\t<style type=\"text\/css\">\n\t\t\t#gallery-1 {\n\t\t\t\tmargin: auto;\n\t\t\t}\n\t\t\t#gallery-1 .gallery-item {\n\t\t\t\tfloat: left;\n\t\t\t\tmargin-top: 10px;\n\t\t\t\ttext-align: center;\n\t\t\t\twidth: 33%;\n\t\t\t}\n\t\t\t#gallery-1 img {\n\t\t\t\tborder: 2px solid #cfcfcf;\n\t\t\t}\n\t\t\t#gallery-1 .gallery-caption {\n\t\t\t\tmargin-left: 0;\n\t\t\t}\n\t\t\t\/* see gallery_shortcode() in wp-includes\/media.php *\/\n\t\t<\/style>\n\t\t<div id='gallery-1' class='gallery galleryid-763 gallery-columns-3 gallery-size-medium'><dl class='gallery-item'>\n\t\t\t<dt class='gallery-icon portrait'>\n\t\t\t\t<a href='https:\/\/sopronitigrisek.hu\/web\/1-3\/tajekoztatas-1-felhasznalasarol-2014\/#main'><img loading=\"lazy\" decoding=\"async\" width=\"212\" height=\"300\" src=\"https:\/\/sopronitigrisek.hu\/web\/wp-content\/uploads\/2016\/09\/T\u00c1J\u00c9KOZTAT\u00c1S-1-felhaszn\u00e1l\u00e1s\u00e1r\u00f3l-2014-212x300.jpg\" class=\"attachment-medium size-medium\" alt=\"\" aria-describedby=\"gallery-1-928\" srcset=\"https:\/\/sopronitigrisek.hu\/web\/wp-content\/uploads\/2016\/09\/T\u00c1J\u00c9KOZTAT\u00c1S-1-felhaszn\u00e1l\u00e1s\u00e1r\u00f3l-2014-212x300.jpg 212w, https:\/\/sopronitigrisek.hu\/web\/wp-content\/uploads\/2016\/09\/T\u00c1J\u00c9KOZTAT\u00c1S-1-felhaszn\u00e1l\u00e1s\u00e1r\u00f3l-2014-768x1087.jpg 768w, https:\/\/sopronitigrisek.hu\/web\/wp-content\/uploads\/2016\/09\/T\u00c1J\u00c9KOZTAT\u00c1S-1-felhaszn\u00e1l\u00e1s\u00e1r\u00f3l-2014-724x1024.jpg 724w\" sizes=\"(max-width: 212px) 100vw, 212px\" \/><\/a>\n\t\t\t<\/dt>\n\t\t\t\t<dd class='wp-caption-text gallery-caption' id='gallery-1-928'>\n\t\t\t\t2014\n\t\t\t\t<\/dd><\/dl><dl class='gallery-item'>\n\t\t\t<dt class='gallery-icon portrait'>\n\t\t\t\t<a href='https:\/\/sopronitigrisek.hu\/web\/1-3\/tajekoztatas-1-felhasznalasarol-2013\/#main'><img loading=\"lazy\" decoding=\"async\" width=\"212\" height=\"300\" src=\"https:\/\/sopronitigrisek.hu\/web\/wp-content\/uploads\/2016\/09\/T\u00c1J\u00c9KOZTAT\u00c1S-1-felhaszn\u00e1l\u00e1s\u00e1r\u00f3l-2013-212x300.jpg\" class=\"attachment-medium size-medium\" alt=\"\" aria-describedby=\"gallery-1-927\" srcset=\"https:\/\/sopronitigrisek.hu\/web\/wp-content\/uploads\/2016\/09\/T\u00c1J\u00c9KOZTAT\u00c1S-1-felhaszn\u00e1l\u00e1s\u00e1r\u00f3l-2013-212x300.jpg 212w, https:\/\/sopronitigrisek.hu\/web\/wp-content\/uploads\/2016\/09\/T\u00c1J\u00c9KOZTAT\u00c1S-1-felhaszn\u00e1l\u00e1s\u00e1r\u00f3l-2013-768x1087.jpg 768w, https:\/\/sopronitigrisek.hu\/web\/wp-content\/uploads\/2016\/09\/T\u00c1J\u00c9KOZTAT\u00c1S-1-felhaszn\u00e1l\u00e1s\u00e1r\u00f3l-2013-724x1024.jpg 724w\" sizes=\"(max-width: 212px) 100vw, 212px\" \/><\/a>\n\t\t\t<\/dt>\n\t\t\t\t<dd class='wp-caption-text gallery-caption' id='gallery-1-927'>\n\t\t\t\t2013\n\t\t\t\t<\/dd><\/dl><dl class='gallery-item'>\n\t\t\t<dt class='gallery-icon portrait'>\n\t\t\t\t<a href='https:\/\/sopronitigrisek.hu\/web\/1-3\/tajekoztatas-1-felhasznalasarol-2012\/#main'><img loading=\"lazy\" decoding=\"async\" width=\"212\" height=\"300\" src=\"https:\/\/sopronitigrisek.hu\/web\/wp-content\/uploads\/2016\/09\/T\u00c1J\u00c9KOZTAT\u00c1S-1-felhaszn\u00e1l\u00e1s\u00e1r\u00f3l-2012-212x300.jpg\" class=\"attachment-medium size-medium\" alt=\"\" aria-describedby=\"gallery-1-926\" srcset=\"https:\/\/sopronitigrisek.hu\/web\/wp-content\/uploads\/2016\/09\/T\u00c1J\u00c9KOZTAT\u00c1S-1-felhaszn\u00e1l\u00e1s\u00e1r\u00f3l-2012-212x300.jpg 212w, https:\/\/sopronitigrisek.hu\/web\/wp-content\/uploads\/2016\/09\/T\u00c1J\u00c9KOZTAT\u00c1S-1-felhaszn\u00e1l\u00e1s\u00e1r\u00f3l-2012-768x1087.jpg 768w, https:\/\/sopronitigrisek.hu\/web\/wp-content\/uploads\/2016\/09\/T\u00c1J\u00c9KOZTAT\u00c1S-1-felhaszn\u00e1l\u00e1s\u00e1r\u00f3l-2012-724x1024.jpg 724w\" sizes=\"(max-width: 212px) 100vw, 212px\" \/><\/a>\n\t\t\t<\/dt>\n\t\t\t\t<dd class='wp-caption-text gallery-caption' id='gallery-1-926'>\n\t\t\t\t2012\n\t\t\t\t<\/dd><\/dl><br style=\"clear: both\" \/><dl class='gallery-item'>\n\t\t\t<dt class='gallery-icon portrait'>\n\t\t\t\t<a href='https:\/\/sopronitigrisek.hu\/web\/1-3\/tajekoztatas-1-felhasznalasarol-2011\/#main'><img loading=\"lazy\" decoding=\"async\" width=\"212\" height=\"300\" src=\"https:\/\/sopronitigrisek.hu\/web\/wp-content\/uploads\/2016\/09\/T\u00c1J\u00c9KOZTAT\u00c1S-1-felhaszn\u00e1l\u00e1s\u00e1r\u00f3l-2011-212x300.jpg\" class=\"attachment-medium size-medium\" alt=\"\" aria-describedby=\"gallery-1-925\" srcset=\"https:\/\/sopronitigrisek.hu\/web\/wp-content\/uploads\/2016\/09\/T\u00c1J\u00c9KOZTAT\u00c1S-1-felhaszn\u00e1l\u00e1s\u00e1r\u00f3l-2011-212x300.jpg 212w, https:\/\/sopronitigrisek.hu\/web\/wp-content\/uploads\/2016\/09\/T\u00c1J\u00c9KOZTAT\u00c1S-1-felhaszn\u00e1l\u00e1s\u00e1r\u00f3l-2011-768x1087.jpg 768w, https:\/\/sopronitigrisek.hu\/web\/wp-content\/uploads\/2016\/09\/T\u00c1J\u00c9KOZTAT\u00c1S-1-felhaszn\u00e1l\u00e1s\u00e1r\u00f3l-2011-724x1024.jpg 724w\" sizes=\"(max-width: 212px) 100vw, 212px\" \/><\/a>\n\t\t\t<\/dt>\n\t\t\t\t<dd class='wp-caption-text gallery-caption' id='gallery-1-925'>\n\t\t\t\t2011\n\t\t\t\t<\/dd><\/dl><dl class='gallery-item'>\n\t\t\t<dt class='gallery-icon portrait'>\n\t\t\t\t<a href='https:\/\/sopronitigrisek.hu\/web\/1-3\/tajekoztatas-1-felhasznalasarol-2010\/#main'><img loading=\"lazy\" decoding=\"async\" width=\"212\" height=\"300\" src=\"https:\/\/sopronitigrisek.hu\/web\/wp-content\/uploads\/2016\/09\/T\u00c1J\u00c9KOZTAT\u00c1S-1-felhaszn\u00e1l\u00e1s\u00e1r\u00f3l-2010-212x300.jpg\" class=\"attachment-medium size-medium\" alt=\"\" aria-describedby=\"gallery-1-924\" srcset=\"https:\/\/sopronitigrisek.hu\/web\/wp-content\/uploads\/2016\/09\/T\u00c1J\u00c9KOZTAT\u00c1S-1-felhaszn\u00e1l\u00e1s\u00e1r\u00f3l-2010-212x300.jpg 212w, https:\/\/sopronitigrisek.hu\/web\/wp-content\/uploads\/2016\/09\/T\u00c1J\u00c9KOZTAT\u00c1S-1-felhaszn\u00e1l\u00e1s\u00e1r\u00f3l-2010-768x1087.jpg 768w, https:\/\/sopronitigrisek.hu\/web\/wp-content\/uploads\/2016\/09\/T\u00c1J\u00c9KOZTAT\u00c1S-1-felhaszn\u00e1l\u00e1s\u00e1r\u00f3l-2010-724x1024.jpg 724w\" sizes=\"(max-width: 212px) 100vw, 212px\" \/><\/a>\n\t\t\t<\/dt>\n\t\t\t\t<dd class='wp-caption-text gallery-caption' id='gallery-1-924'>\n\t\t\t\t2010\n\t\t\t\t<\/dd><\/dl><dl class='gallery-item'>\n\t\t\t<dt class='gallery-icon portrait'>\n\t\t\t\t<a href='https:\/\/sopronitigrisek.hu\/web\/1-3\/tajekoztatas-1-felhasznalasarol-2009\/#main'><img loading=\"lazy\" decoding=\"async\" width=\"212\" height=\"300\" src=\"https:\/\/sopronitigrisek.hu\/web\/wp-content\/uploads\/2016\/09\/T\u00c1J\u00c9KOZTAT\u00c1S-1-felhaszn\u00e1l\u00e1s\u00e1r\u00f3l-2009-212x300.jpg\" class=\"attachment-medium size-medium\" alt=\"\" aria-describedby=\"gallery-1-923\" srcset=\"https:\/\/sopronitigrisek.hu\/web\/wp-content\/uploads\/2016\/09\/T\u00c1J\u00c9KOZTAT\u00c1S-1-felhaszn\u00e1l\u00e1s\u00e1r\u00f3l-2009-212x300.jpg 212w, https:\/\/sopronitigrisek.hu\/web\/wp-content\/uploads\/2016\/09\/T\u00c1J\u00c9KOZTAT\u00c1S-1-felhaszn\u00e1l\u00e1s\u00e1r\u00f3l-2009-768x1087.jpg 768w, https:\/\/sopronitigrisek.hu\/web\/wp-content\/uploads\/2016\/09\/T\u00c1J\u00c9KOZTAT\u00c1S-1-felhaszn\u00e1l\u00e1s\u00e1r\u00f3l-2009-724x1024.jpg 724w\" sizes=\"(max-width: 212px) 100vw, 212px\" \/><\/a>\n\t\t\t<\/dt>\n\t\t\t\t<dd class='wp-caption-text gallery-caption' id='gallery-1-923'>\n\t\t\t\t2009\n\t\t\t\t<\/dd><\/dl><br style=\"clear: both\" \/><dl class='gallery-item'>\n\t\t\t<dt class='gallery-icon portrait'>\n\t\t\t\t<a href='https:\/\/sopronitigrisek.hu\/web\/1-3\/tajekoztatas-1-felhasznalasarol-2008\/#main'><img loading=\"lazy\" decoding=\"async\" width=\"212\" height=\"300\" src=\"https:\/\/sopronitigrisek.hu\/web\/wp-content\/uploads\/2016\/09\/T\u00c1J\u00c9KOZTAT\u00c1S-1-felhaszn\u00e1l\u00e1s\u00e1r\u00f3l-2008-212x300.jpg\" class=\"attachment-medium size-medium\" alt=\"\" aria-describedby=\"gallery-1-929\" srcset=\"https:\/\/sopronitigrisek.hu\/web\/wp-content\/uploads\/2016\/09\/T\u00c1J\u00c9KOZTAT\u00c1S-1-felhaszn\u00e1l\u00e1s\u00e1r\u00f3l-2008-212x300.jpg 212w, https:\/\/sopronitigrisek.hu\/web\/wp-content\/uploads\/2016\/09\/T\u00c1J\u00c9KOZTAT\u00c1S-1-felhaszn\u00e1l\u00e1s\u00e1r\u00f3l-2008-768x1087.jpg 768w, https:\/\/sopronitigrisek.hu\/web\/wp-content\/uploads\/2016\/09\/T\u00c1J\u00c9KOZTAT\u00c1S-1-felhaszn\u00e1l\u00e1s\u00e1r\u00f3l-2008-724x1024.jpg 724w\" sizes=\"(max-width: 212px) 100vw, 212px\" \/><\/a>\n\t\t\t<\/dt>\n\t\t\t\t<dd class='wp-caption-text gallery-caption' id='gallery-1-929'>\n\t\t\t\t2008\n\t\t\t\t<\/dd><\/dl>\n\t\t\t<br style='clear: both' \/>\n\t\t<\/div>\n\n<p>&nbsp;<\/p>\n","protected":false},"excerpt":{"rendered":"<p>A Soproni Tigrisek SE elsz\u00e1mol\u00e1sa a szem\u00e9lyi j\u00f6vedelemad\u00f3 felaj\u00e1nl\u00e1sokb\u00f3l befolyt 1 %-os t\u00e1mogat\u00e1s felhaszn\u00e1l\u00e1s\u00e1r\u00f3l &nbsp;<\/p>\n","protected":false},"author":2,"featured_media":0,"parent":0,"menu_order":0,"comment_status":"closed","ping_status":"closed","template":"","meta":{"footnotes":""},"_links":{"self":[{"href":"https:\/\/sopronitigrisek.hu\/web\/wp-json\/wp\/v2\/pages\/763"}],"collection":[{"href":"https:\/\/sopronitigrisek.hu\/web\/wp-json\/wp\/v2\/pages"}],"about":[{"href":"https:\/\/sopronitigrisek.hu\/web\/wp-json\/wp\/v2\/types\/page"}],"author":[{"embeddable":true,"href":"https:\/\/sopronitigrisek.hu\/web\/wp-json\/wp\/v2\/users\/2"}],"replies":[{"embeddable":true,"href":"https:\/\/sopronitigrisek.hu\/web\/wp-json\/wp\/v2\/comments?post=763"}],"version-history":[{"count":13,"href":"https:\/\/sopronitigrisek.hu\/web\/wp-json\/wp\/v2\/pages\/763\/revisions"}],"predecessor-version":[{"id":950,"href":"https:\/\/sopronitigrisek.hu\/web\/wp-json\/wp\/v2\/pages\/763\/revisions\/950"}],"wp:attachment":[{"href":"https:\/\/sopronitigrisek.hu\/web\/wp-json\/wp\/v2\/media?parent=763"}],"curies":[{"name":"wp","href":"https:\/\/api.w.org\/{rel}","templated":true}]}}